{"id":104,"date":"2022-07-20T11:29:07","date_gmt":"2022-07-20T11:29:07","guid":{"rendered":"https:\/\/inc.erasmus.site\/?page_id=104"},"modified":"2022-12-19T17:59:29","modified_gmt":"2022-12-19T17:59:29","slug":"project-partners","status":"publish","type":"page","link":"https:\/\/inc.erasmus.site\/es\/project-partners\/","title":{"rendered":"Partnership"},"content":{"rendered":"<p><\/p>\n<h3 style=\"text-align: center;\"><img fetchpriority=\"high\" decoding=\"async\" class=\"alignnone size-full wp-image-89\" src=\"https:\/\/inc.erasmus.site\/wp-content\/uploads\/2022\/07\/cnip.png\" alt=\"\" width=\"300\" height=\"300\" srcset=\"https:\/\/inc.erasmus.site\/wp-content\/uploads\/2022\/07\/cnip.png 300w, https:\/\/inc.erasmus.site\/wp-content\/uploads\/2022\/07\/cnip-150x150.png 150w, https:\/\/inc.erasmus.site\/wp-content\/uploads\/2022\/07\/cnip-24x24.png 24w, https:\/\/inc.erasmus.site\/wp-content\/uploads\/2022\/07\/cnip-36x36.png 36w, https:\/\/inc.erasmus.site\/wp-content\/uploads\/2022\/07\/cnip-48x48.png 48w\" sizes=\"(max-width: 300px) 100vw, 300px\" \/><br \/>\n<strong>C.N.I.P.M.M.R. Arad \u2013 Romania <\/strong><\/h3>\n<p>El Consejo Nacional de las PYMES Privadas de Ruman\u00eda &#8211; Sucursal de Arad (C.N.I.P.M.R. Arad) se fund\u00f3 en 2004 como una confederaci\u00f3n representativa regional con estatus legal, independiente, sin \u00e1nimo de lucro y apol\u00edtica.<\/p>\n<p>Nuestra misi\u00f3n, establecida hace 18 a\u00f1os, es representar los intereses de las PYMES de Arad y de las asociaciones patronales a nivel local, regional, nacional e internacional, para promover y apoyar el desarrollo del esp\u00edritu empresarial y aumentar la competitividad del entorno empresarial en el oeste de Ruman\u00eda.<\/p>\n<p>C.N.I.P.M.R.<\/p>\n<p>Arad lleva a cabo actividades de representaci\u00f3n y asesoramiento para las PYME en general, y para sus empresas miembros en particular. Con una s\u00f3lida trayectoria y experiencia, la organizaci\u00f3n ha ejecutado con \u00e9xito 25 proyectos financiados con fondos europeos por un valor total de m\u00e1s de 5,5 millones de euros, contribuyendo al desarrollo de los recursos humanos en lo que respecta a la formaci\u00f3n profesional de los empleados de las empresas. El apoyo a la creaci\u00f3n de nuevas empresas es otro de los \u00e9xitos de la asociaci\u00f3n, C.N.I.P.M.R. Arad ha contribuido definitivamente al desarrollo del esp\u00edritu empresarial en el oeste de Ruman\u00eda.<\/p>\n<p>Preocupada permanentemente por el avance de la comunidad empresarial local, C.N.I.P.M.R. Arad ha desarrollado una s\u00f3lida red con asociaciones econ\u00f3micas de todo el mundo. Junto con sus socios, la asociaci\u00f3n empresarial desea llegar a todos los actores implicados en el progreso econ\u00f3mico y social actual y en la innovaci\u00f3n.<\/p>\n<p><strong>Redes sociales:<\/strong><\/p>\n<p>Facebook:\u00a0<a href=\"https:\/\/www.facebook.com\/cnipmmr.arad\">https:\/\/www.facebook.com\/cnipmmr.arad<\/a><\/p>\n<p>LinkedIn: <a href=\"https:\/\/www.linkedin.com\/in\/cnipmmr-arad-24338842\/\">https:\/\/www.linkedin.com\/in\/cnipmmr-arad-24338842\/<\/a><\/p>\n<hr \/>\n<h3 style=\"text-align: center;\"><img decoding=\"async\" class=\"alignnone wp-image-90 size-full\" src=\"https:\/\/inc.erasmus.site\/wp-content\/uploads\/2022\/07\/ades.png\" alt=\"\" width=\"300\" height=\"300\" srcset=\"https:\/\/inc.erasmus.site\/wp-content\/uploads\/2022\/07\/ades.png 300w, https:\/\/inc.erasmus.site\/wp-content\/uploads\/2022\/07\/ades-150x150.png 150w, https:\/\/inc.erasmus.site\/wp-content\/uploads\/2022\/07\/ades-24x24.png 24w, https:\/\/inc.erasmus.site\/wp-content\/uploads\/2022\/07\/ades-36x36.png 36w, https:\/\/inc.erasmus.site\/wp-content\/uploads\/2022\/07\/ades-48x48.png 48w\" sizes=\"(max-width: 300px) 100vw, 300px\" \/><br \/>\n<strong>ADES<\/strong><\/h3>\n<p>(Asociaci\u00f3n para el Desarrollo Econ\u00f3mico y Social) de Curtea de Arges, Ruman\u00eda, es una organizaci\u00f3n sin \u00e1nimo de lucro que se convirti\u00f3 en una entidad legal (ONG) en junio de 1995. La misi\u00f3n de ADES es crear un cambio social y econ\u00f3mico positivo en las comunidades de toda Ruman\u00eda de forma profesional, \u00e9tica y responsable.<\/p>\n<p>El equipo de ADES tiene como objetivo desarrollar las habilidades personales y profesionales, apoyar el desarrollo y la expansi\u00f3n de las PYMES y mejorar las condiciones sociales y econ\u00f3micas de las comunidades locales.<\/p>\n<p>Desde 1995, ADES ha desarrollado y ejecutado con \u00e9xito m\u00e1s de 50 proyectos financiados por la Uni\u00f3n Europea, el Banco Mundial, la Embajada de los Estados Unidos, el Programa Europeo de Desarrollo Empresarial, la Fundaci\u00f3n para una Sociedad Abierta, el Fondo de Conocimientos de Caridad, etc. ADES ha trabajado muy estrechamente con las comunidades, las fuentes de financiaci\u00f3n y los socios ejecutores (autoridades p\u00fablicas locales, empresas, ONG y escuelas) para ejecutar proyectos de desarrollo socioecon\u00f3mico.<\/p>\n<p>Para m\u00e1s informaci\u00f3n sobre ADES, visite: <a href=\"https:\/\/www.facebook.com\/ADESCDA\/\">www.facebook.com\/ADESCDA\/<\/a> and <a href=\"https:\/\/www.linkedin.com\/company\/43363632\">https:\/\/www.linkedin.com\/company\/43363632<\/a>.<\/p>\n<hr \/>\n<h3 style=\"text-align: center;\"><img decoding=\"async\" class=\"alignnone wp-image-91 size-full\" src=\"https:\/\/inc.erasmus.site\/wp-content\/uploads\/2022\/07\/danmar.png\" alt=\"\" width=\"300\" height=\"300\" srcset=\"https:\/\/inc.erasmus.site\/wp-content\/uploads\/2022\/07\/danmar.png 300w, https:\/\/inc.erasmus.site\/wp-content\/uploads\/2022\/07\/danmar-150x150.png 150w, https:\/\/inc.erasmus.site\/wp-content\/uploads\/2022\/07\/danmar-24x24.png 24w, https:\/\/inc.erasmus.site\/wp-content\/uploads\/2022\/07\/danmar-36x36.png 36w, https:\/\/inc.erasmus.site\/wp-content\/uploads\/2022\/07\/danmar-48x48.png 48w\" sizes=\"(max-width: 300px) 100vw, 300px\" \/><br \/>\n<strong>Danmar Computers \u2013 Poland<br \/>\n<\/strong><\/h3>\n<p>Danmar Computers LLC es una empresa privada que opera en el \u00e1mbito de las tecnolog\u00edas de la informaci\u00f3n y ofrece formaci\u00f3n profesional en este campo. Danmar tiene una amplia experiencia en el desarrollo de modernas aplicaciones web y m\u00f3viles que se utilizan con fines educativos. Danmar tambi\u00e9n tiene una larga experiencia en la realizaci\u00f3n de proyectos europeos en los que el personal de I+D de la empresa lleva a cabo investigaciones y prepara formaci\u00f3n adaptada a las necesidades de los distintos alumnos. Durante 22 a\u00f1os, Danmar ha ejecutado con \u00e9xito m\u00e1s de 100 proyectos dentro de Grundtvig, Leonardo da Vinci, Progress y Erasmus+. En muchos de estos proyectos, Danmar se encarg\u00f3 de dise\u00f1ar y coordinar las estrategias de difusi\u00f3n.<\/p>\n<p>Danmar Computers es el desarrollador y proveedor de AdminProject, el sistema en l\u00ednea para la gesti\u00f3n de proyectos europeos. Todas las actividades de la empresa se basan en una amplia y bien establecida red de cooperaci\u00f3n, tanto a nivel nacional como internacional. Las redes nacionales incluyen instituciones de formaci\u00f3n y asesoramiento, universidades, escuelas, organizaciones no gubernamentales y empresas del sector privado. Las redes internacionales incluyen socios de diversos perfiles procedentes de todos los pa\u00edses de la Uni\u00f3n Europea. La misi\u00f3n de Danmar Computer es la promoci\u00f3n de la educaci\u00f3n permanente y la garant\u00eda de la igualdad de acceso a la educaci\u00f3n para todos con el uso de la tecnolog\u00eda moderna.<\/p>\n<p><strong>P\u00e1gina web: <\/strong><\/p>\n<p><a href=\"https:\/\/danmar-computers.com.pl\">https:\/\/danmar-computers.com.pl<\/a><\/p>\n<p><strong>Redes sociales:<\/strong><\/p>\n<p>Facebook: <a href=\"https:\/\/www.facebook.com\/pages\/Danmar-Computers\/144597388897753\">https:\/\/www.facebook.com\/pages\/Danmar-Computers\/144597388897753<\/a><\/p>\n<p>LinkedIn: <a href=\"https:\/\/www.linkedin.com\/company\/danmar-computers\">https:\/\/www.linkedin.com\/company\/danmar-computers<\/a><\/p>\n<p>Twitter: <a href=\"https:\/\/twitter.com\/DanmarComputers\">https:\/\/twitter.com\/DanmarComputers<\/a><\/p>\n<hr \/>\n<h3 style=\"text-align: center;\"><img loading=\"lazy\" decoding=\"async\" class=\"alignnone wp-image-92 size-full\" src=\"https:\/\/inc.erasmus.site\/wp-content\/uploads\/2022\/07\/ed.png\" alt=\"\" width=\"300\" height=\"300\" srcset=\"https:\/\/inc.erasmus.site\/wp-content\/uploads\/2022\/07\/ed.png 300w, https:\/\/inc.erasmus.site\/wp-content\/uploads\/2022\/07\/ed-150x150.png 150w, https:\/\/inc.erasmus.site\/wp-content\/uploads\/2022\/07\/ed-24x24.png 24w, https:\/\/inc.erasmus.site\/wp-content\/uploads\/2022\/07\/ed-36x36.png 36w, https:\/\/inc.erasmus.site\/wp-content\/uploads\/2022\/07\/ed-48x48.png 48w\" sizes=\"(max-width: 300px) 100vw, 300px\" \/><br \/>\n<strong>E&amp;D<\/strong><\/h3>\n<p>E&amp;D Knowledge Consulting es una empresa de consultor\u00eda y formaci\u00f3n profesional especializada en el apoyo al desarrollo de las competencias necesarias para fomentar la innovaci\u00f3n en los sectores empresarial, p\u00fablico y social. E&amp;D proporciona a directivos y empresarios las competencias, conocimientos y herramientas necesarias para implementar y ejecutar con \u00e9xito estrategias de innovaci\u00f3n en sus organizaciones, as\u00ed como para fomentar la innovaci\u00f3n en su entorno.\u00a0 E&amp;D apoya a las organizaciones para que la innovaci\u00f3n forme parte de su ADN: desde las auditor\u00edas de innovaci\u00f3n, pasando por el apoyo a la definici\u00f3n y ejecuci\u00f3n de estrategias de innovaci\u00f3n, hasta el desarrollo de procesos y mecanismos de innovaci\u00f3n adaptados a las necesidades individuales de las organizaciones.<\/p>\n<p>Los productos de E&amp;D se definen individualmente en funci\u00f3n de las necesidades espec\u00edficas de cada organizaci\u00f3n. Algunas de las intervenciones m\u00e1s comunes son<\/p>\n<ul>\n<li>La creaci\u00f3n de una comprensi\u00f3n adecuada de la innovaci\u00f3n entre los profesionales de los sectores de baja y nula tecnolog\u00eda y su capacidad para aplicar el proceso de innovaci\u00f3n y convertir sus esfuerzos de innovaci\u00f3n en beneficios,<\/li>\n<li>Desarrollo e innovaci\u00f3n de modelos de negocio,<\/li>\n<li>Apoyo a los procesos creativos y a la ideaci\u00f3n para la innovaci\u00f3n,<\/li>\n<li>Desarrollo de una mentalidad innovadora entre los individuos y las organizaciones,<\/li>\n<li>Desarrollo de mecanismos y cultura de la innovaci\u00f3n,<\/li>\n<li>Desarrollo de competencias empresariales y sociales,<\/li>\n<li>Colaboraci\u00f3n para la innovaci\u00f3n (habilidades, mecanismos y herramientas para la creaci\u00f3n de relaciones y la innovaci\u00f3n abierta).<\/li>\n<\/ul>\n<p><strong>Sitio web:<\/strong><\/p>\n<p><a href=\"http:\/\/www.ed-knowledgeconsulting.com\/\">www.ed-knowledgeconsulting.com\/<\/a><\/p>\n<p>LinkedIn &#8211; <a href=\"https:\/\/www.linkedin.com\/company\/17921189\/\">https:\/\/www.linkedin.com\/company\/17921189\/<\/a><\/p>\n<p>FB &#8211; <a href=\"https:\/\/www.facebook.com\/EDKnowledgeConsulting\">https:\/\/www.facebook.com\/EDKnowledgeConsulting<\/a><\/p>\n<hr \/>\n<h3 style=\"text-align: center;\"><img loading=\"lazy\" decoding=\"async\" class=\"alignnone wp-image-93 size-full\" src=\"https:\/\/inc.erasmus.site\/wp-content\/uploads\/2022\/07\/inno.png\" alt=\"\" width=\"300\" height=\"300\" srcset=\"https:\/\/inc.erasmus.site\/wp-content\/uploads\/2022\/07\/inno.png 300w, https:\/\/inc.erasmus.site\/wp-content\/uploads\/2022\/07\/inno-150x150.png 150w, https:\/\/inc.erasmus.site\/wp-content\/uploads\/2022\/07\/inno-24x24.png 24w, https:\/\/inc.erasmus.site\/wp-content\/uploads\/2022\/07\/inno-36x36.png 36w, https:\/\/inc.erasmus.site\/wp-content\/uploads\/2022\/07\/inno-48x48.png 48w\" sizes=\"(max-width: 300px) 100vw, 300px\" \/><br \/>\n<strong>Valencia INNO HUB <\/strong><\/h3>\n<p>Valencia INNO HUB es una organizaci\u00f3n espa\u00f1ola sin \u00e1nimo de lucro que nace con el objetivo de aunar talento y tecnolog\u00eda y fomentar la empleabilidad y el emprendimiento entre la comunidad valenciana. A trav\u00e9s de la mentorizaci\u00f3n y la formaci\u00f3n, INNO HUB apoya a emprendedores, Start-Ups y tambi\u00e9n a personas de colectivos desfavorecidos que se enfrentan a diferentes factores de exclusi\u00f3n: j\u00f3venes y adultos con dificultades educativas, desempleados o inmigrantes.<\/p>\n<p>Con esta intenci\u00f3n, INNOHUB desarrolla numerosas actividades para ayudar a las empresas\/personas a alcanzar sus objetivos.<\/p>\n<p>Con esta intenci\u00f3n, INNOHUB desarrolla numerosas actividades para ayudar a las empresas\/personas a alcanzar sus objetivos.<\/p>\n<p>Ofreciendo talleres, formaci\u00f3n, seminarios y networking relacionados con diversos temas de inter\u00e9s, especialmente sobre gesti\u00f3n, desarrollo empresarial, soft skills, emprendimiento, modelos de negocio, innovaci\u00f3n, internacionalizaci\u00f3n y financiaci\u00f3n;<\/p>\n<ul>\n<li>Promoviendo la cooperaci\u00f3n tecnol\u00f3gica y de innovaci\u00f3n;<\/li>\n<li>Apoyando a los grupos desfavorecidos y a los aspirantes a empresarios de diferentes or\u00edgenes, impulsando las habilidades empresariales;<\/li>\n<li>Facilitando el acceso a la financiaci\u00f3n de la I+D+i;<\/li>\n<li>Facilitando el acceso a la financiaci\u00f3n de la I+D+i; Proporcionando asistencia relacionada con la vigilancia tecnol\u00f3gica y la gesti\u00f3n de la innovaci\u00f3n<\/li>\n<\/ul>\n<p>En la actualidad, Innohub colabora con una amplia gama de agentes econ\u00f3micos, tanto p\u00fablicos como privados.\u00a0 En los \u00faltimos a\u00f1os, Innohub ha adquirido una importante experiencia en la ejecuci\u00f3n de proyectos de la UE, lo que ha permitido llegar a m\u00e1s personas y organizaciones que pueden beneficiarse de los servicios de Innohub. Tambi\u00e9n ha permitido ampliar la red local, nacional e internacional de contactos que enriquece las posibilidades de la asociaci\u00f3n en sus actividades diarias.<\/p>\n<p><strong>Website:<\/strong> <a href=\"http:\/\/www.valenciainnohub.com\/\">www.valenciainnohub.com<\/a><\/p>\n<p><strong>Redes sociales: <\/strong><\/p>\n<ul>\n<li>Facebook: <a href=\"https:\/\/www.facebook.com\/valenciainnohub\">https:\/\/www.facebook.com\/valenciainnohub<\/a><\/li>\n<li>LinkedIn: <a href=\"https:\/\/www.linkedin.com\/company\/54107639\/\">https:\/\/www.linkedin.com\/company\/54107639\/<\/a><\/li>\n<\/ul>\n<p><\/p>","protected":false},"excerpt":{"rendered":"<p>C.N.I.P.M.M.R. Arad \u2013 Romania El Consejo Nacional de las PYMES Privadas de Ruman\u00eda &#8211; Sucursal de Arad (C.N.I.P.M.R. Arad) se fund\u00f3 en 2004 como una confederaci\u00f3n representativa regional con estatus legal, independiente, sin \u00e1nimo de lucro y apol\u00edtica. Nuestra misi\u00f3n, establecida hace 18 a\u00f1os, es representar los intereses de las PYMES de Arad y de&hellip;&nbsp;<a href=\"https:\/\/inc.erasmus.site\/es\/project-partners\/\" rel=\"bookmark\">Leer m\u00e1s &raquo;<span class=\"screen-reader-text\">Partnership<\/span><\/a><\/p>\n","protected":false},"author":1,"featured_media":106,"parent":0,"menu_order":0,"comment_status":"closed","ping_status":"closed","template":"","meta":{"neve_meta_sidebar":"","neve_meta_container":"","neve_meta_enable_content_width":"off","neve_meta_content_width":100,"neve_meta_title_alignment":"","neve_meta_author_avatar":"","neve_post_elements_order":"","neve_meta_disable_header":"","neve_meta_disable_footer":"","neve_meta_disable_title":"","footnotes":""},"class_list":["post-104","page","type-page","status-publish","has-post-thumbnail","hentry"],"_links":{"self":[{"href":"https:\/\/inc.erasmus.site\/es\/wp-json\/wp\/v2\/pages\/104","targetHints":{"allow":["GET"]}}],"collection":[{"href":"https:\/\/inc.erasmus.site\/es\/wp-json\/wp\/v2\/pages"}],"about":[{"href":"https:\/\/inc.erasmus.site\/es\/wp-json\/wp\/v2\/types\/page"}],"author":[{"embeddable":true,"href":"https:\/\/inc.erasmus.site\/es\/wp-json\/wp\/v2\/users\/1"}],"replies":[{"embeddable":true,"href":"https:\/\/inc.erasmus.site\/es\/wp-json\/wp\/v2\/comments?post=104"}],"version-history":[{"count":9,"href":"https:\/\/inc.erasmus.site\/es\/wp-json\/wp\/v2\/pages\/104\/revisions"}],"predecessor-version":[{"id":279,"href":"https:\/\/inc.erasmus.site\/es\/wp-json\/wp\/v2\/pages\/104\/revisions\/279"}],"wp:featuredmedia":[{"embeddable":true,"href":"https:\/\/inc.erasmus.site\/es\/wp-json\/wp\/v2\/media\/106"}],"wp:attachment":[{"href":"https:\/\/inc.erasmus.site\/es\/wp-json\/wp\/v2\/media?parent=104"}],"curies":[{"name":"wp","href":"https:\/\/api.w.org\/{rel}","templated":true}]}}