{"id":128,"date":"2022-07-20T11:39:44","date_gmt":"2022-07-20T11:39:44","guid":{"rendered":"https:\/\/inc.erasmus.site\/?page_id=128"},"modified":"2024-03-14T14:47:19","modified_gmt":"2024-03-14T14:47:19","slug":"pr1","status":"publish","type":"page","link":"https:\/\/inc.erasmus.site\/es\/pr1\/","title":{"rendered":"PR1: Metodolog\u00eda y herramientas de sensibilizaci\u00f3n de InC"},"content":{"rendered":"<p>El problema de la falta de reconocimiento de la importancia estrat\u00e9gica de los procesos y la cultura de la innovaci\u00f3n est\u00e1 especialmente extendido en los sectores de no\/baja tecnolog\u00eda. Para abordar esta cuesti\u00f3n, el proyecto InC desarrollar\u00e1 una metodolog\u00eda de sensibilizaci\u00f3n de los gestores de las PYME de los sectores de baja y nula tecnolog\u00eda sobre la importancia estrat\u00e9gica y los beneficios de establecer una cultura de la innovaci\u00f3n en sus empresas.<\/p>\n<p>La metodolog\u00eda y las herramientas de apoyo ser\u00e1n un recurso fundamental para concienciar a los gestores de las PYME de que la creaci\u00f3n de una empresa innovadora no se basa \u00fanicamente en lo apropiado, la tecnolog\u00eda y los sistemas, sino que lo que se necesita es un conjunto de relaciones vivas entre todos ellos en forma de cultura de la innovaci\u00f3n para que todos los elementos encajen y den los resultados deseados. Tambi\u00e9n se tratar\u00e1 de facilitar el compromiso de los directivos que hasta ahora ten\u00edan poco inter\u00e9s en aumentar la orientaci\u00f3n a la innovaci\u00f3n de sus PYMES<\/p>\n<p style=\"text-align: center;\"><a class=\"btn btn-primary\" role=\"button\" href=\"https:\/\/inc.erasmus.site\/platform\/pr1\" target=\"_blank\" rel=\"noopener\">Abrir<\/a><\/p>\n<p><\/p>","protected":false},"excerpt":{"rendered":"<p>El problema de la falta de reconocimiento de la importancia estrat\u00e9gica de los procesos y la cultura de la innovaci\u00f3n est\u00e1 especialmente extendido en los sectores de no\/baja tecnolog\u00eda. Para abordar esta cuesti\u00f3n, el proyecto InC desarrollar\u00e1 una metodolog\u00eda de sensibilizaci\u00f3n de los gestores de las PYME de los sectores de baja y nula tecnolog\u00eda&hellip;&nbsp;<a href=\"https:\/\/inc.erasmus.site\/es\/pr1\/\" rel=\"bookmark\">Leer m\u00e1s &raquo;<span class=\"screen-reader-text\">PR1: Metodolog\u00eda y herramientas de sensibilizaci\u00f3n de InC<\/span><\/a><\/p>\n","protected":false},"author":1,"featured_media":137,"parent":0,"menu_order":0,"comment_status":"closed","ping_status":"closed","template":"","meta":{"neve_meta_sidebar":"","neve_meta_container":"","neve_meta_enable_content_width":"off","neve_meta_content_width":100,"neve_meta_title_alignment":"","neve_meta_author_avatar":"","neve_post_elements_order":"","neve_meta_disable_header":"","neve_meta_disable_footer":"","neve_meta_disable_title":"","footnotes":""},"class_list":["post-128","page","type-page","status-publish","has-post-thumbnail","hentry"],"_links":{"self":[{"href":"https:\/\/inc.erasmus.site\/es\/wp-json\/wp\/v2\/pages\/128","targetHints":{"allow":["GET"]}}],"collection":[{"href":"https:\/\/inc.erasmus.site\/es\/wp-json\/wp\/v2\/pages"}],"about":[{"href":"https:\/\/inc.erasmus.site\/es\/wp-json\/wp\/v2\/types\/page"}],"author":[{"embeddable":true,"href":"https:\/\/inc.erasmus.site\/es\/wp-json\/wp\/v2\/users\/1"}],"replies":[{"embeddable":true,"href":"https:\/\/inc.erasmus.site\/es\/wp-json\/wp\/v2\/comments?post=128"}],"version-history":[{"count":6,"href":"https:\/\/inc.erasmus.site\/es\/wp-json\/wp\/v2\/pages\/128\/revisions"}],"predecessor-version":[{"id":360,"href":"https:\/\/inc.erasmus.site\/es\/wp-json\/wp\/v2\/pages\/128\/revisions\/360"}],"wp:featuredmedia":[{"embeddable":true,"href":"https:\/\/inc.erasmus.site\/es\/wp-json\/wp\/v2\/media\/137"}],"wp:attachment":[{"href":"https:\/\/inc.erasmus.site\/es\/wp-json\/wp\/v2\/media?parent=128"}],"curies":[{"name":"wp","href":"https:\/\/api.w.org\/{rel}","templated":true}]}}