{"id":132,"date":"2022-07-20T11:40:45","date_gmt":"2022-07-20T11:40:45","guid":{"rendered":"https:\/\/inc.erasmus.site\/?page_id=132"},"modified":"2024-03-14T14:59:15","modified_gmt":"2024-03-14T14:59:15","slug":"pr3","status":"publish","type":"page","link":"https:\/\/inc.erasmus.site\/es\/pr3\/","title":{"rendered":"PR3: Programa de desarrollo de competencias InC"},"content":{"rendered":"<p>Este resultado pretende desarrollar un programa que cubra entre 10-15 temas de gran relevancia para la capacidad pr\u00e1ctica de los gestores de las PYMES para el desarrollo de la cultura de la innovaci\u00f3n en las PYMES agrupados en las 5 l\u00edneas de desarrollo altamente complementarias en el \u00e1mbito del establecimiento y fomento de la cultura de la innovaci\u00f3n. Las 5 \u00e1reas principales a cubrir son<\/p>\n<ol>\n<li>Dise\u00f1ar y liderar el entorno de la innovaci\u00f3n<\/li>\n<li>Construir el equipo adecuado: contrataci\u00f3n y posicionamiento de los RRHH para el compromiso exitoso con la innovaci\u00f3n<\/li>\n<li>Fomentar la innovaci\u00f3n a trav\u00e9s de la comunicaci\u00f3n,<\/li>\n<li>Lean start-up<\/li>\n<li>Soluciones digitales para fomentar la cultura innovadora<\/li>\n<\/ol>\n<p>Una vez desarrollado este programa, tomar\u00e1 la forma de un recurso inform\u00e1tico.<\/p>\n<p style=\"text-align: center;\"><a class=\"btn btn-primary\" role=\"button\" href=\"https:\/\/inc.erasmus.site\/platform\/pr3\" target=\"_blank\" rel=\"noopener\">Abrir<\/a><\/p>\n<p><\/p>","protected":false},"excerpt":{"rendered":"<p>Este resultado pretende desarrollar un programa que cubra entre 10-15 temas de gran relevancia para la capacidad pr\u00e1ctica de los gestores de las PYMES para el desarrollo de la cultura de la innovaci\u00f3n en las PYMES agrupados en las 5 l\u00edneas de desarrollo altamente complementarias en el \u00e1mbito del establecimiento y fomento de la cultura&hellip;&nbsp;<a href=\"https:\/\/inc.erasmus.site\/es\/pr3\/\" rel=\"bookmark\">Leer m\u00e1s &raquo;<span class=\"screen-reader-text\">PR3: Programa de desarrollo de competencias InC<\/span><\/a><\/p>\n","protected":false},"author":1,"featured_media":137,"parent":0,"menu_order":0,"comment_status":"closed","ping_status":"closed","template":"","meta":{"neve_meta_sidebar":"","neve_meta_container":"","neve_meta_enable_content_width":"off","neve_meta_content_width":100,"neve_meta_title_alignment":"","neve_meta_author_avatar":"","neve_post_elements_order":"","neve_meta_disable_header":"","neve_meta_disable_footer":"","neve_meta_disable_title":"","footnotes":""},"class_list":["post-132","page","type-page","status-publish","has-post-thumbnail","hentry"],"_links":{"self":[{"href":"https:\/\/inc.erasmus.site\/es\/wp-json\/wp\/v2\/pages\/132","targetHints":{"allow":["GET"]}}],"collection":[{"href":"https:\/\/inc.erasmus.site\/es\/wp-json\/wp\/v2\/pages"}],"about":[{"href":"https:\/\/inc.erasmus.site\/es\/wp-json\/wp\/v2\/types\/page"}],"author":[{"embeddable":true,"href":"https:\/\/inc.erasmus.site\/es\/wp-json\/wp\/v2\/users\/1"}],"replies":[{"embeddable":true,"href":"https:\/\/inc.erasmus.site\/es\/wp-json\/wp\/v2\/comments?post=132"}],"version-history":[{"count":6,"href":"https:\/\/inc.erasmus.site\/es\/wp-json\/wp\/v2\/pages\/132\/revisions"}],"predecessor-version":[{"id":362,"href":"https:\/\/inc.erasmus.site\/es\/wp-json\/wp\/v2\/pages\/132\/revisions\/362"}],"wp:featuredmedia":[{"embeddable":true,"href":"https:\/\/inc.erasmus.site\/es\/wp-json\/wp\/v2\/media\/137"}],"wp:attachment":[{"href":"https:\/\/inc.erasmus.site\/es\/wp-json\/wp\/v2\/media?parent=132"}],"curies":[{"name":"wp","href":"https:\/\/api.w.org\/{rel}","templated":true}]}}