{"id":134,"date":"2022-07-20T11:41:04","date_gmt":"2022-07-20T11:41:04","guid":{"rendered":"https:\/\/inc.erasmus.site\/?page_id=134"},"modified":"2024-03-14T15:04:58","modified_gmt":"2024-03-14T15:04:58","slug":"pr4","status":"publish","type":"page","link":"https:\/\/inc.erasmus.site\/es\/pr4\/","title":{"rendered":"PR4: Reto de la cultura de la innovaci\u00f3n de InC"},"content":{"rendered":"<p>La implementaci\u00f3n de las actividades del PR4 tiene como objetivo crear una gu\u00eda personalizada para la implementaci\u00f3n de la cultura de la innovaci\u00f3n en el usuario de las PYMES. Para ello, se recoger\u00e1n los retos pr\u00e1cticos a los que se enfrentan los directivos de las PYMES a la hora de implementar sus actividades profesionales diarias en base a un sistema de entrega de tareas individuales, para que sirvan de gu\u00eda en su camino hacia una implementaci\u00f3n efectiva y sistem\u00e1tica de una cultura innovadora en la empresa.<\/p>\n<p style=\"text-align: center;\"><a class=\"btn btn-primary\" role=\"button\" href=\"https:\/\/inc.erasmus.site\/platform\/pr4\" target=\"_blank\" rel=\"noopener\">Abrir<\/a><\/p>\n<p><\/p>","protected":false},"excerpt":{"rendered":"<p>La implementaci\u00f3n de las actividades del PR4 tiene como objetivo crear una gu\u00eda personalizada para la implementaci\u00f3n de la cultura de la innovaci\u00f3n en el usuario de las PYMES. Para ello, se recoger\u00e1n los retos pr\u00e1cticos a los que se enfrentan los directivos de las PYMES a la hora de implementar sus actividades profesionales diarias&hellip;&nbsp;<a href=\"https:\/\/inc.erasmus.site\/es\/pr4\/\" rel=\"bookmark\">Leer m\u00e1s &raquo;<span class=\"screen-reader-text\">PR4: Reto de la cultura de la innovaci\u00f3n de InC<\/span><\/a><\/p>\n","protected":false},"author":1,"featured_media":137,"parent":0,"menu_order":0,"comment_status":"closed","ping_status":"closed","template":"","meta":{"neve_meta_sidebar":"","neve_meta_container":"","neve_meta_enable_content_width":"off","neve_meta_content_width":100,"neve_meta_title_alignment":"","neve_meta_author_avatar":"","neve_post_elements_order":"","neve_meta_disable_header":"","neve_meta_disable_footer":"","neve_meta_disable_title":"","footnotes":""},"class_list":["post-134","page","type-page","status-publish","has-post-thumbnail","hentry"],"_links":{"self":[{"href":"https:\/\/inc.erasmus.site\/es\/wp-json\/wp\/v2\/pages\/134","targetHints":{"allow":["GET"]}}],"collection":[{"href":"https:\/\/inc.erasmus.site\/es\/wp-json\/wp\/v2\/pages"}],"about":[{"href":"https:\/\/inc.erasmus.site\/es\/wp-json\/wp\/v2\/types\/page"}],"author":[{"embeddable":true,"href":"https:\/\/inc.erasmus.site\/es\/wp-json\/wp\/v2\/users\/1"}],"replies":[{"embeddable":true,"href":"https:\/\/inc.erasmus.site\/es\/wp-json\/wp\/v2\/comments?post=134"}],"version-history":[{"count":7,"href":"https:\/\/inc.erasmus.site\/es\/wp-json\/wp\/v2\/pages\/134\/revisions"}],"predecessor-version":[{"id":363,"href":"https:\/\/inc.erasmus.site\/es\/wp-json\/wp\/v2\/pages\/134\/revisions\/363"}],"wp:featuredmedia":[{"embeddable":true,"href":"https:\/\/inc.erasmus.site\/es\/wp-json\/wp\/v2\/media\/137"}],"wp:attachment":[{"href":"https:\/\/inc.erasmus.site\/es\/wp-json\/wp\/v2\/media?parent=134"}],"curies":[{"name":"wp","href":"https:\/\/api.w.org\/{rel}","templated":true}]}}