{"id":136,"date":"2022-07-20T11:42:05","date_gmt":"2022-07-20T11:42:05","guid":{"rendered":"https:\/\/inc.erasmus.site\/?page_id=136"},"modified":"2024-03-14T15:06:12","modified_gmt":"2024-03-14T15:06:12","slug":"pr5","status":"publish","type":"page","link":"https:\/\/inc.erasmus.site\/es\/pr5\/","title":{"rendered":"PR5: Plataforma online de InC"},"content":{"rendered":"<p>La plataforma online ser\u00e1 la herramienta TIC &#8211; la interfaz del proyecto necesaria para proporcionar los resultados producidos a los usuarios de una manera altamente integrada necesaria para alcanzar los objetivos del proyecto. Permitir\u00e1 a los participantes, las PYME, las organizaciones intermediarias, los formadores, los couches, los educadores y otros agentes interesados en la metodolog\u00eda y los resultados desarrollados acceder y experimentar con los resultados desarrollados. Se desarrollar\u00e1 mediante una plataforma de aprendizaje electr\u00f3nico en la que todos los resultados intelectuales de InC se integrar\u00e1n en un programa de desarrollo integral adaptado a los requisitos espec\u00edficos del tema y del grupo destinatario y que seguir\u00e1 estando disponible tambi\u00e9n despu\u00e9s de la finalizaci\u00f3n del proyecto.<\/p>\n<p style=\"text-align: center;\"><a class=\"btn btn-primary\" role=\"button\" href=\"https:\/\/inc.erasmus.site\/platform\/\" target=\"_blank\" rel=\"noopener\">Abrir<\/a><\/p>\n<p><\/p>","protected":false},"excerpt":{"rendered":"<p>La plataforma online ser\u00e1 la herramienta TIC &#8211; la interfaz del proyecto necesaria para proporcionar los resultados producidos a los usuarios de una manera altamente integrada necesaria para alcanzar los objetivos del proyecto. Permitir\u00e1 a los participantes, las PYME, las organizaciones intermediarias, los formadores, los couches, los educadores y otros agentes interesados en la metodolog\u00eda&hellip;&nbsp;<a href=\"https:\/\/inc.erasmus.site\/es\/pr5\/\" rel=\"bookmark\">Leer m\u00e1s &raquo;<span class=\"screen-reader-text\">PR5: Plataforma online de InC<\/span><\/a><\/p>\n","protected":false},"author":1,"featured_media":137,"parent":0,"menu_order":0,"comment_status":"closed","ping_status":"closed","template":"","meta":{"neve_meta_sidebar":"","neve_meta_container":"","neve_meta_enable_content_width":"off","neve_meta_content_width":100,"neve_meta_title_alignment":"","neve_meta_author_avatar":"","neve_post_elements_order":"","neve_meta_disable_header":"","neve_meta_disable_footer":"","neve_meta_disable_title":"","footnotes":""},"class_list":["post-136","page","type-page","status-publish","has-post-thumbnail","hentry"],"_links":{"self":[{"href":"https:\/\/inc.erasmus.site\/es\/wp-json\/wp\/v2\/pages\/136","targetHints":{"allow":["GET"]}}],"collection":[{"href":"https:\/\/inc.erasmus.site\/es\/wp-json\/wp\/v2\/pages"}],"about":[{"href":"https:\/\/inc.erasmus.site\/es\/wp-json\/wp\/v2\/types\/page"}],"author":[{"embeddable":true,"href":"https:\/\/inc.erasmus.site\/es\/wp-json\/wp\/v2\/users\/1"}],"replies":[{"embeddable":true,"href":"https:\/\/inc.erasmus.site\/es\/wp-json\/wp\/v2\/comments?post=136"}],"version-history":[{"count":6,"href":"https:\/\/inc.erasmus.site\/es\/wp-json\/wp\/v2\/pages\/136\/revisions"}],"predecessor-version":[{"id":364,"href":"https:\/\/inc.erasmus.site\/es\/wp-json\/wp\/v2\/pages\/136\/revisions\/364"}],"wp:featuredmedia":[{"embeddable":true,"href":"https:\/\/inc.erasmus.site\/es\/wp-json\/wp\/v2\/media\/137"}],"wp:attachment":[{"href":"https:\/\/inc.erasmus.site\/es\/wp-json\/wp\/v2\/media?parent=136"}],"curies":[{"name":"wp","href":"https:\/\/api.w.org\/{rel}","templated":true}]}}