{"id":128,"date":"2022-07-20T11:39:44","date_gmt":"2022-07-20T11:39:44","guid":{"rendered":"https:\/\/inc.erasmus.site\/?page_id=128"},"modified":"2024-03-14T14:47:19","modified_gmt":"2024-03-14T14:47:19","slug":"pr1","status":"publish","type":"page","link":"https:\/\/inc.erasmus.site\/pl\/pr1\/","title":{"rendered":"PR1:  Metodologia i narz\u0119dzia InC"},"content":{"rendered":"<p>Problem braku \u015bwiadomo\u015bci strategicznego znaczenia proces\u00f3w i kultury innowacji jest szczeg\u00f3lnie du\u017cy w sektorach o niskim poziomie zaawansowania technologicznego. Aby rozwi\u0105za\u0107 ten problem, w ramach projektu InC zostanie opracowana metodologia uwra\u017cliwiania mened\u017cer\u00f3w ma\u0142ych i \u015brednich przedsi\u0119biorstw z sektor\u00f3w o niskim poziomie zaawansowania technologicznego na strategiczne znaczenie i korzy\u015bci p\u0142yn\u0105ce z tworzenia kultury innowacji w ich firmach.<\/p>\n<p>Metodologia i narz\u0119dzia wspieraj\u0105ce b\u0119d\u0105 stanowi\u0142y kluczowe \u017ar\u00f3d\u0142o budowania \u015bwiadomo\u015bci mened\u017cer\u00f3w m\u00f3wi\u0105ce, \u017ce tworzenie innowacyjnej firmy to nie tylko w\u0142a\u015bciwe, technologiczne i systemowe rozwi\u0105zania, ale tak\u017ce zestaw \u017cywych relacji pomi\u0119dzy nimi wszystkimi w formie kultury innowacyjno\u015bci, co jest potrzebne, aby wszystkie elementy &#8222;zaskoczy\u0142y&#8221; razem i przynios\u0142y po\u017c\u0105dane rezultaty. Celem projektu b\u0119dzie r\u00f3wnie\u017c u\u0142atwienie zaanga\u017cowania mened\u017cer\u00f3w, kt\u00f3rzy wcze\u015bniej byli w niewielkim stopniu zainteresowani zwi\u0119kszeniem orientacji na innowacje w swoich przedsi\u0119biorstwach.<\/p>\n<p style=\"text-align: center;\"><a class=\"btn btn-primary\" role=\"button\" href=\"https:\/\/inc.erasmus.site\/platform\/pr1\" target=\"_blank\" rel=\"noopener\">Otw\u00f3rz<\/a><\/p>\n<p><\/p>","protected":false},"excerpt":{"rendered":"<p>Problem braku \u015bwiadomo\u015bci strategicznego znaczenia proces\u00f3w i kultury innowacji jest szczeg\u00f3lnie du\u017cy w sektorach o niskim poziomie zaawansowania technologicznego. Aby rozwi\u0105za\u0107 ten problem, w ramach projektu InC zostanie opracowana metodologia uwra\u017cliwiania mened\u017cer\u00f3w ma\u0142ych i \u015brednich przedsi\u0119biorstw z sektor\u00f3w o niskim poziomie zaawansowania technologicznego na strategiczne znaczenie i korzy\u015bci p\u0142yn\u0105ce z tworzenia kultury innowacji w ich&hellip;&nbsp;<a href=\"https:\/\/inc.erasmus.site\/pl\/pr1\/\" rel=\"bookmark\">Dowiedz si\u0119 wi\u0119cej &raquo;<span class=\"screen-reader-text\">PR1:  Metodologia i narz\u0119dzia InC<\/span><\/a><\/p>\n","protected":false},"author":1,"featured_media":137,"parent":0,"menu_order":0,"comment_status":"closed","ping_status":"closed","template":"","meta":{"neve_meta_sidebar":"","neve_meta_container":"","neve_meta_enable_content_width":"off","neve_meta_content_width":100,"neve_meta_title_alignment":"","neve_meta_author_avatar":"","neve_post_elements_order":"","neve_meta_disable_header":"","neve_meta_disable_footer":"","neve_meta_disable_title":"","footnotes":""},"class_list":["post-128","page","type-page","status-publish","has-post-thumbnail","hentry"],"_links":{"self":[{"href":"https:\/\/inc.erasmus.site\/pl\/wp-json\/wp\/v2\/pages\/128","targetHints":{"allow":["GET"]}}],"collection":[{"href":"https:\/\/inc.erasmus.site\/pl\/wp-json\/wp\/v2\/pages"}],"about":[{"href":"https:\/\/inc.erasmus.site\/pl\/wp-json\/wp\/v2\/types\/page"}],"author":[{"embeddable":true,"href":"https:\/\/inc.erasmus.site\/pl\/wp-json\/wp\/v2\/users\/1"}],"replies":[{"embeddable":true,"href":"https:\/\/inc.erasmus.site\/pl\/wp-json\/wp\/v2\/comments?post=128"}],"version-history":[{"count":6,"href":"https:\/\/inc.erasmus.site\/pl\/wp-json\/wp\/v2\/pages\/128\/revisions"}],"predecessor-version":[{"id":360,"href":"https:\/\/inc.erasmus.site\/pl\/wp-json\/wp\/v2\/pages\/128\/revisions\/360"}],"wp:featuredmedia":[{"embeddable":true,"href":"https:\/\/inc.erasmus.site\/pl\/wp-json\/wp\/v2\/media\/137"}],"wp:attachment":[{"href":"https:\/\/inc.erasmus.site\/pl\/wp-json\/wp\/v2\/media?parent=128"}],"curies":[{"name":"wp","href":"https:\/\/api.w.org\/{rel}","templated":true}]}}