{"id":130,"date":"2022-07-20T11:40:10","date_gmt":"2022-07-20T11:40:10","guid":{"rendered":"https:\/\/inc.erasmus.site\/?page_id=130"},"modified":"2024-03-14T14:54:54","modified_gmt":"2024-03-14T14:54:54","slug":"pr2","status":"publish","type":"page","link":"https:\/\/inc.erasmus.site\/pl\/pr2\/","title":{"rendered":"PR2: Fiszki o innowacyjno\u015bci InC"},"content":{"rendered":"<p>Celem tego rezultatu jest opracowanie serii prostych i estetycznych fiszek, kt\u00f3re pomog\u0105 mened\u017cerom ma\u0142ych i \u015brednich przedsi\u0119biorstw pozna\u0107 niekt\u00f3re z g\u0142\u00f3wnych koncepcji innowacji i megatrend\u00f3w oraz zrozumie\u0107 te terminy, kt\u00f3re cz\u0119sto powoduj\u0105 niejasno\u015bci.<\/p>\n<p>Karty te b\u0119d\u0105 bardzo przydatne w budowaniu zrozumienia pomi\u0119dzy mened\u017cerami ma\u0142ych i \u015brednich przedsi\u0119biorstw na temat innowacji i kultury innowacji, co przyczyni si\u0119 do budowania kompetencji.<\/p>\n<p style=\"text-align: center;\"><a class=\"btn btn-primary\" role=\"button\" href=\"https:\/\/inc.erasmus.site\/platform\/pr2\" target=\"_blank\" rel=\"noopener\">Otw\u00f3rz<\/a><\/p>\n<p><\/p>","protected":false},"excerpt":{"rendered":"<p>Celem tego rezultatu jest opracowanie serii prostych i estetycznych fiszek, kt\u00f3re pomog\u0105 mened\u017cerom ma\u0142ych i \u015brednich przedsi\u0119biorstw pozna\u0107 niekt\u00f3re z g\u0142\u00f3wnych koncepcji innowacji i megatrend\u00f3w oraz zrozumie\u0107 te terminy, kt\u00f3re cz\u0119sto powoduj\u0105 niejasno\u015bci. Karty te b\u0119d\u0105 bardzo przydatne w budowaniu zrozumienia pomi\u0119dzy mened\u017cerami ma\u0142ych i \u015brednich przedsi\u0119biorstw na temat innowacji i kultury innowacji, co przyczyni&hellip;&nbsp;<a href=\"https:\/\/inc.erasmus.site\/pl\/pr2\/\" rel=\"bookmark\">Dowiedz si\u0119 wi\u0119cej &raquo;<span class=\"screen-reader-text\">PR2: Fiszki o innowacyjno\u015bci InC<\/span><\/a><\/p>\n","protected":false},"author":1,"featured_media":137,"parent":0,"menu_order":0,"comment_status":"closed","ping_status":"closed","template":"","meta":{"neve_meta_sidebar":"","neve_meta_container":"","neve_meta_enable_content_width":"off","neve_meta_content_width":100,"neve_meta_title_alignment":"","neve_meta_author_avatar":"","neve_post_elements_order":"","neve_meta_disable_header":"","neve_meta_disable_footer":"","neve_meta_disable_title":"","footnotes":""},"class_list":["post-130","page","type-page","status-publish","has-post-thumbnail","hentry"],"_links":{"self":[{"href":"https:\/\/inc.erasmus.site\/pl\/wp-json\/wp\/v2\/pages\/130","targetHints":{"allow":["GET"]}}],"collection":[{"href":"https:\/\/inc.erasmus.site\/pl\/wp-json\/wp\/v2\/pages"}],"about":[{"href":"https:\/\/inc.erasmus.site\/pl\/wp-json\/wp\/v2\/types\/page"}],"author":[{"embeddable":true,"href":"https:\/\/inc.erasmus.site\/pl\/wp-json\/wp\/v2\/users\/1"}],"replies":[{"embeddable":true,"href":"https:\/\/inc.erasmus.site\/pl\/wp-json\/wp\/v2\/comments?post=130"}],"version-history":[{"count":6,"href":"https:\/\/inc.erasmus.site\/pl\/wp-json\/wp\/v2\/pages\/130\/revisions"}],"predecessor-version":[{"id":361,"href":"https:\/\/inc.erasmus.site\/pl\/wp-json\/wp\/v2\/pages\/130\/revisions\/361"}],"wp:featuredmedia":[{"embeddable":true,"href":"https:\/\/inc.erasmus.site\/pl\/wp-json\/wp\/v2\/media\/137"}],"wp:attachment":[{"href":"https:\/\/inc.erasmus.site\/pl\/wp-json\/wp\/v2\/media?parent=130"}],"curies":[{"name":"wp","href":"https:\/\/api.w.org\/{rel}","templated":true}]}}