{"id":134,"date":"2022-07-20T11:41:04","date_gmt":"2022-07-20T11:41:04","guid":{"rendered":"https:\/\/inc.erasmus.site\/?page_id=134"},"modified":"2024-03-14T15:04:58","modified_gmt":"2024-03-14T15:04:58","slug":"pr4","status":"publish","type":"page","link":"https:\/\/inc.erasmus.site\/pl\/pr4\/","title":{"rendered":"PR4: InC \u0106wiczenia kultury innowacyjnej InC"},"content":{"rendered":"<p>Realizacja tych dzia\u0142a\u0144 ma na celu stworzenie przewodnika wdra\u017cania kultury innowacji w ma\u0142ych i \u015brednich przedsi\u0119biorstwach. W tym celu, zebrane zostan\u0105 praktyczne wyzwania, przed kt\u00f3rymi staj\u0105 mened\u017cerowie w trakcie realizacji codziennych zada\u0144 zawodowych, aby wskaza\u0107 im drog\u0119 do skutecznego i systematycznego wdra\u017cania kultury innowacyjnej w przedsi\u0119biorstwie.<\/p>\n<p style=\"text-align: center;\"><a class=\"btn btn-primary\" role=\"button\" href=\"https:\/\/inc.erasmus.site\/platform\/pr4\" target=\"_blank\" rel=\"noopener\">Otw\u00f3rz<\/a><\/p>\n<p><\/p>","protected":false},"excerpt":{"rendered":"<p>Realizacja tych dzia\u0142a\u0144 ma na celu stworzenie przewodnika wdra\u017cania kultury innowacji w ma\u0142ych i \u015brednich przedsi\u0119biorstwach. W tym celu, zebrane zostan\u0105 praktyczne wyzwania, przed kt\u00f3rymi staj\u0105 mened\u017cerowie w trakcie realizacji codziennych zada\u0144 zawodowych, aby wskaza\u0107 im drog\u0119 do skutecznego i systematycznego wdra\u017cania kultury innowacyjnej w przedsi\u0119biorstwie. Otw\u00f3rz<\/p>\n","protected":false},"author":1,"featured_media":137,"parent":0,"menu_order":0,"comment_status":"closed","ping_status":"closed","template":"","meta":{"neve_meta_sidebar":"","neve_meta_container":"","neve_meta_enable_content_width":"off","neve_meta_content_width":100,"neve_meta_title_alignment":"","neve_meta_author_avatar":"","neve_post_elements_order":"","neve_meta_disable_header":"","neve_meta_disable_footer":"","neve_meta_disable_title":"","footnotes":""},"class_list":["post-134","page","type-page","status-publish","has-post-thumbnail","hentry"],"_links":{"self":[{"href":"https:\/\/inc.erasmus.site\/pl\/wp-json\/wp\/v2\/pages\/134","targetHints":{"allow":["GET"]}}],"collection":[{"href":"https:\/\/inc.erasmus.site\/pl\/wp-json\/wp\/v2\/pages"}],"about":[{"href":"https:\/\/inc.erasmus.site\/pl\/wp-json\/wp\/v2\/types\/page"}],"author":[{"embeddable":true,"href":"https:\/\/inc.erasmus.site\/pl\/wp-json\/wp\/v2\/users\/1"}],"replies":[{"embeddable":true,"href":"https:\/\/inc.erasmus.site\/pl\/wp-json\/wp\/v2\/comments?post=134"}],"version-history":[{"count":7,"href":"https:\/\/inc.erasmus.site\/pl\/wp-json\/wp\/v2\/pages\/134\/revisions"}],"predecessor-version":[{"id":363,"href":"https:\/\/inc.erasmus.site\/pl\/wp-json\/wp\/v2\/pages\/134\/revisions\/363"}],"wp:featuredmedia":[{"embeddable":true,"href":"https:\/\/inc.erasmus.site\/pl\/wp-json\/wp\/v2\/media\/137"}],"wp:attachment":[{"href":"https:\/\/inc.erasmus.site\/pl\/wp-json\/wp\/v2\/media?parent=134"}],"curies":[{"name":"wp","href":"https:\/\/api.w.org\/{rel}","templated":true}]}}