{"id":136,"date":"2022-07-20T11:42:05","date_gmt":"2022-07-20T11:42:05","guid":{"rendered":"https:\/\/inc.erasmus.site\/?page_id=136"},"modified":"2024-03-14T15:06:12","modified_gmt":"2024-03-14T15:06:12","slug":"pr5","status":"publish","type":"page","link":"https:\/\/inc.erasmus.site\/pl\/pr5\/","title":{"rendered":"PR5: InC Platforma internetowa"},"content":{"rendered":"<p>Platforma internetowa b\u0119dzie narz\u0119dziem ICT &#8211; interfejsem projektu, niezb\u0119dnym do dostarczenia u\u017cytkownikom wypracowanych rezultat\u00f3w w wysoce kompleksowy spos\u00f3b, wymagany do osi\u0105gni\u0119cia cel\u00f3w projektu. Pozwoli ona uczestnikom, przedsi\u0119biorstwom, organizacjom po\u015brednicz\u0105cym, trenerom, doradcom, edukatorom i innym podmiotom zainteresowanym metodologi\u0105 i opracowanymi rezultatami na dost\u0119p i eksperymentowanie z opracowanymi wynikami. Zostanie on opracowany przy u\u017cyciu platformy e-learningowej, na kt\u00f3rej wszystkie intelektualne wyniki projektu InC zostan\u0105 zintegrowane w jeden kompleksowy program rozwojowy dostosowany do konkretnych wymaga\u0144 tematu i grupy docelowej, kt\u00f3ry b\u0119dzie dost\u0119pny r\u00f3wnie\u017c po zako\u0144czeniu projektu.<\/p>\n<p style=\"text-align: center;\"><a class=\"btn btn-primary\" role=\"button\" href=\"https:\/\/inc.erasmus.site\/platform\/\" target=\"_blank\" rel=\"noopener\">Otw\u00f3rz<\/a><\/p>\n<p><\/p>","protected":false},"excerpt":{"rendered":"<p>Platforma internetowa b\u0119dzie narz\u0119dziem ICT &#8211; interfejsem projektu, niezb\u0119dnym do dostarczenia u\u017cytkownikom wypracowanych rezultat\u00f3w w wysoce kompleksowy spos\u00f3b, wymagany do osi\u0105gni\u0119cia cel\u00f3w projektu. Pozwoli ona uczestnikom, przedsi\u0119biorstwom, organizacjom po\u015brednicz\u0105cym, trenerom, doradcom, edukatorom i innym podmiotom zainteresowanym metodologi\u0105 i opracowanymi rezultatami na dost\u0119p i eksperymentowanie z opracowanymi wynikami. Zostanie on opracowany przy u\u017cyciu platformy e-learningowej, na&hellip;&nbsp;<a href=\"https:\/\/inc.erasmus.site\/pl\/pr5\/\" rel=\"bookmark\">Dowiedz si\u0119 wi\u0119cej &raquo;<span class=\"screen-reader-text\">PR5: InC Platforma internetowa<\/span><\/a><\/p>\n","protected":false},"author":1,"featured_media":137,"parent":0,"menu_order":0,"comment_status":"closed","ping_status":"closed","template":"","meta":{"neve_meta_sidebar":"","neve_meta_container":"","neve_meta_enable_content_width":"off","neve_meta_content_width":100,"neve_meta_title_alignment":"","neve_meta_author_avatar":"","neve_post_elements_order":"","neve_meta_disable_header":"","neve_meta_disable_footer":"","neve_meta_disable_title":"","footnotes":""},"class_list":["post-136","page","type-page","status-publish","has-post-thumbnail","hentry"],"_links":{"self":[{"href":"https:\/\/inc.erasmus.site\/pl\/wp-json\/wp\/v2\/pages\/136","targetHints":{"allow":["GET"]}}],"collection":[{"href":"https:\/\/inc.erasmus.site\/pl\/wp-json\/wp\/v2\/pages"}],"about":[{"href":"https:\/\/inc.erasmus.site\/pl\/wp-json\/wp\/v2\/types\/page"}],"author":[{"embeddable":true,"href":"https:\/\/inc.erasmus.site\/pl\/wp-json\/wp\/v2\/users\/1"}],"replies":[{"embeddable":true,"href":"https:\/\/inc.erasmus.site\/pl\/wp-json\/wp\/v2\/comments?post=136"}],"version-history":[{"count":6,"href":"https:\/\/inc.erasmus.site\/pl\/wp-json\/wp\/v2\/pages\/136\/revisions"}],"predecessor-version":[{"id":364,"href":"https:\/\/inc.erasmus.site\/pl\/wp-json\/wp\/v2\/pages\/136\/revisions\/364"}],"wp:featuredmedia":[{"embeddable":true,"href":"https:\/\/inc.erasmus.site\/pl\/wp-json\/wp\/v2\/media\/137"}],"wp:attachment":[{"href":"https:\/\/inc.erasmus.site\/pl\/wp-json\/wp\/v2\/media?parent=136"}],"curies":[{"name":"wp","href":"https:\/\/api.w.org\/{rel}","templated":true}]}}