{"id":128,"date":"2022-07-20T11:39:44","date_gmt":"2022-07-20T11:39:44","guid":{"rendered":"https:\/\/inc.erasmus.site\/?page_id=128"},"modified":"2024-03-14T14:47:19","modified_gmt":"2024-03-14T14:47:19","slug":"pr1","status":"publish","type":"page","link":"https:\/\/inc.erasmus.site\/pt\/pr1\/","title":{"rendered":"PR1:  InC Metodologia e Ferramentas de Sensibiliza\u00e7\u00e3o"},"content":{"rendered":"<p>A quest\u00e3o do baixo reconhecimento da relev\u00e2ncia estrat\u00e9gica dos processos de inova\u00e7\u00e3o e da sua cultura \u00e9 especialmente extensa nos sectores de nenhuma\/baixa tecnologia. Para abordar a quest\u00e3o, o projeto InC ir\u00e1 desenvolver uma metodologia de sensibiliza\u00e7\u00e3o para os gestores de PMEs em sectores de nenhuma\/baixa tecnologia relativamente \u00e0 relev\u00e2ncia estrat\u00e9gica e aos benef\u00edcios de estabelecer uma cultura de inova\u00e7\u00e3o nas suas empresas.<\/p>\n<p>A metodologia e as ferramentas de apoio ser\u00e3o um recurso cr\u00edtico para sensibilizar os gestores das PMEs para o facto de que a cria\u00e7\u00e3o de uma empresa inovadora n\u00e3o ser apenas uma quest\u00e3o de tecnologia e sistemas adequados, mas que um conjunto de rela\u00e7\u00f5es vivas entre todos eles numa forma de cultura de inova\u00e7\u00e3o, \u00e9 necess\u00e1rio para que todos os elementos &#8216;cliquem&#8217; juntos e produzam os resultados desejados. Ter\u00e1 tamb\u00e9m como objetivo facilitar o envolvimento de gestores com interesse anteriormente limitado em aumentar a orienta\u00e7\u00e3o inovadora das suas PMEs.<\/p>\n<p style=\"text-align: center;\"><a class=\"btn btn-primary\" role=\"button\" href=\"https:\/\/inc.erasmus.site\/platform\/pr1\" target=\"_blank\" rel=\"noopener\">Aberto<\/a><\/p>\n<p><\/p>","protected":false},"excerpt":{"rendered":"<p>A quest\u00e3o do baixo reconhecimento da relev\u00e2ncia estrat\u00e9gica dos processos de inova\u00e7\u00e3o e da sua cultura \u00e9 especialmente extensa nos sectores de nenhuma\/baixa tecnologia. Para abordar a quest\u00e3o, o projeto InC ir\u00e1 desenvolver uma metodologia de sensibiliza\u00e7\u00e3o para os gestores de PMEs em sectores de nenhuma\/baixa tecnologia relativamente \u00e0 relev\u00e2ncia estrat\u00e9gica e aos benef\u00edcios de&hellip;&nbsp;<a href=\"https:\/\/inc.erasmus.site\/pt\/pr1\/\" rel=\"bookmark\">Ler mais &raquo;<span class=\"screen-reader-text\">PR1:  InC Metodologia e Ferramentas de Sensibiliza\u00e7\u00e3o<\/span><\/a><\/p>\n","protected":false},"author":1,"featured_media":137,"parent":0,"menu_order":0,"comment_status":"closed","ping_status":"closed","template":"","meta":{"neve_meta_sidebar":"","neve_meta_container":"","neve_meta_enable_content_width":"off","neve_meta_content_width":100,"neve_meta_title_alignment":"","neve_meta_author_avatar":"","neve_post_elements_order":"","neve_meta_disable_header":"","neve_meta_disable_footer":"","neve_meta_disable_title":"","footnotes":""},"class_list":["post-128","page","type-page","status-publish","has-post-thumbnail","hentry"],"_links":{"self":[{"href":"https:\/\/inc.erasmus.site\/pt\/wp-json\/wp\/v2\/pages\/128","targetHints":{"allow":["GET"]}}],"collection":[{"href":"https:\/\/inc.erasmus.site\/pt\/wp-json\/wp\/v2\/pages"}],"about":[{"href":"https:\/\/inc.erasmus.site\/pt\/wp-json\/wp\/v2\/types\/page"}],"author":[{"embeddable":true,"href":"https:\/\/inc.erasmus.site\/pt\/wp-json\/wp\/v2\/users\/1"}],"replies":[{"embeddable":true,"href":"https:\/\/inc.erasmus.site\/pt\/wp-json\/wp\/v2\/comments?post=128"}],"version-history":[{"count":6,"href":"https:\/\/inc.erasmus.site\/pt\/wp-json\/wp\/v2\/pages\/128\/revisions"}],"predecessor-version":[{"id":360,"href":"https:\/\/inc.erasmus.site\/pt\/wp-json\/wp\/v2\/pages\/128\/revisions\/360"}],"wp:featuredmedia":[{"embeddable":true,"href":"https:\/\/inc.erasmus.site\/pt\/wp-json\/wp\/v2\/media\/137"}],"wp:attachment":[{"href":"https:\/\/inc.erasmus.site\/pt\/wp-json\/wp\/v2\/media?parent=128"}],"curies":[{"name":"wp","href":"https:\/\/api.w.org\/{rel}","templated":true}]}}