{"id":130,"date":"2022-07-20T11:40:10","date_gmt":"2022-07-20T11:40:10","guid":{"rendered":"https:\/\/inc.erasmus.site\/?page_id=130"},"modified":"2024-03-14T14:54:54","modified_gmt":"2024-03-14T14:54:54","slug":"pr2","status":"publish","type":"page","link":"https:\/\/inc.erasmus.site\/pt\/pr2\/","title":{"rendered":"PR2: InC Cartas para a Inova\u00e7\u00e3o"},"content":{"rendered":"<p>O objetivo deste resultado \u00e9 desenvolver uma s\u00e9rie de cartas simples e atraentes que ajudem os gestores das PMEs a conhecer alguns dos principais conceitos de inova\u00e7\u00e3o, das megatend\u00eancias e que sejam capazes de compreender os termos que frequentemente criam confus\u00e3o.<\/p>\n<p>Estes cartas ser\u00e3o muito \u00fateis para construir um entendimento chave entre gestores de PMEs sobre inova\u00e7\u00e3o e cultura de inova\u00e7\u00e3o, o que contribuir\u00e1 para a constru\u00e7\u00e3o de compet\u00eancias.<\/p>\n<p style=\"text-align: center;\"><a class=\"btn btn-primary\" role=\"button\" href=\"https:\/\/inc.erasmus.site\/platform\/pr2\" target=\"_blank\" rel=\"noopener\">Aberto<\/a><\/p>\n<p><\/p>","protected":false},"excerpt":{"rendered":"<p>O objetivo deste resultado \u00e9 desenvolver uma s\u00e9rie de cartas simples e atraentes que ajudem os gestores das PMEs a conhecer alguns dos principais conceitos de inova\u00e7\u00e3o, das megatend\u00eancias e que sejam capazes de compreender os termos que frequentemente criam confus\u00e3o. Estes cartas ser\u00e3o muito \u00fateis para construir um entendimento chave entre gestores de PMEs&hellip;&nbsp;<a href=\"https:\/\/inc.erasmus.site\/pt\/pr2\/\" rel=\"bookmark\">Ler mais &raquo;<span class=\"screen-reader-text\">PR2: InC Cartas para a Inova\u00e7\u00e3o<\/span><\/a><\/p>\n","protected":false},"author":1,"featured_media":137,"parent":0,"menu_order":0,"comment_status":"closed","ping_status":"closed","template":"","meta":{"neve_meta_sidebar":"","neve_meta_container":"","neve_meta_enable_content_width":"off","neve_meta_content_width":100,"neve_meta_title_alignment":"","neve_meta_author_avatar":"","neve_post_elements_order":"","neve_meta_disable_header":"","neve_meta_disable_footer":"","neve_meta_disable_title":"","footnotes":""},"class_list":["post-130","page","type-page","status-publish","has-post-thumbnail","hentry"],"_links":{"self":[{"href":"https:\/\/inc.erasmus.site\/pt\/wp-json\/wp\/v2\/pages\/130","targetHints":{"allow":["GET"]}}],"collection":[{"href":"https:\/\/inc.erasmus.site\/pt\/wp-json\/wp\/v2\/pages"}],"about":[{"href":"https:\/\/inc.erasmus.site\/pt\/wp-json\/wp\/v2\/types\/page"}],"author":[{"embeddable":true,"href":"https:\/\/inc.erasmus.site\/pt\/wp-json\/wp\/v2\/users\/1"}],"replies":[{"embeddable":true,"href":"https:\/\/inc.erasmus.site\/pt\/wp-json\/wp\/v2\/comments?post=130"}],"version-history":[{"count":6,"href":"https:\/\/inc.erasmus.site\/pt\/wp-json\/wp\/v2\/pages\/130\/revisions"}],"predecessor-version":[{"id":361,"href":"https:\/\/inc.erasmus.site\/pt\/wp-json\/wp\/v2\/pages\/130\/revisions\/361"}],"wp:featuredmedia":[{"embeddable":true,"href":"https:\/\/inc.erasmus.site\/pt\/wp-json\/wp\/v2\/media\/137"}],"wp:attachment":[{"href":"https:\/\/inc.erasmus.site\/pt\/wp-json\/wp\/v2\/media?parent=130"}],"curies":[{"name":"wp","href":"https:\/\/api.w.org\/{rel}","templated":true}]}}