{"id":136,"date":"2022-07-20T11:42:05","date_gmt":"2022-07-20T11:42:05","guid":{"rendered":"https:\/\/inc.erasmus.site\/?page_id=136"},"modified":"2024-03-14T15:06:12","modified_gmt":"2024-03-14T15:06:12","slug":"pr5","status":"publish","type":"page","link":"https:\/\/inc.erasmus.site\/pt\/pr5\/","title":{"rendered":"PR5: InC Plataforma Online"},"content":{"rendered":"<p>A plataforma online ser\u00e1 a ferramenta TIC &#8211; o interface do projeto exige fornecer os resultados produzidos aos utilizadores de uma forma altamente integrada, necess\u00e1ria para alcan\u00e7ar os objetivos do projeto. Permitir\u00e1 aos participantes, PMEs, organiza\u00e7\u00f5es intermedi\u00e1rias, formadores, treinadores, educadores e outros agentes interessados na metodologia e nos resultados desenvolvidos o acesso e a experimenta\u00e7\u00e3o dos resultados desenvolvidos. Ser\u00e1 desenvolvido utilizando uma plataforma de e-learning na qual todos os resultados intelectuais do InC ser\u00e3o integrados num programa de desenvolvimento abrangente, adaptado aos requisitos espec\u00edficos do t\u00f3pico e do grupo-alvo e permanecer\u00e1 dispon\u00edvel tamb\u00e9m ap\u00f3s o fim do projeto.<\/p>\n<p style=\"text-align: center;\"><a class=\"btn btn-primary\" role=\"button\" href=\"https:\/\/inc.erasmus.site\/platform\/\" target=\"_blank\" rel=\"noopener\">Aberto<\/a><\/p>\n<p><\/p>","protected":false},"excerpt":{"rendered":"<p>A plataforma online ser\u00e1 a ferramenta TIC &#8211; o interface do projeto exige fornecer os resultados produzidos aos utilizadores de uma forma altamente integrada, necess\u00e1ria para alcan\u00e7ar os objetivos do projeto. Permitir\u00e1 aos participantes, PMEs, organiza\u00e7\u00f5es intermedi\u00e1rias, formadores, treinadores, educadores e outros agentes interessados na metodologia e nos resultados desenvolvidos o acesso e a experimenta\u00e7\u00e3o&hellip;&nbsp;<a href=\"https:\/\/inc.erasmus.site\/pt\/pr5\/\" rel=\"bookmark\">Ler mais &raquo;<span class=\"screen-reader-text\">PR5: InC Plataforma Online<\/span><\/a><\/p>\n","protected":false},"author":1,"featured_media":137,"parent":0,"menu_order":0,"comment_status":"closed","ping_status":"closed","template":"","meta":{"neve_meta_sidebar":"","neve_meta_container":"","neve_meta_enable_content_width":"off","neve_meta_content_width":100,"neve_meta_title_alignment":"","neve_meta_author_avatar":"","neve_post_elements_order":"","neve_meta_disable_header":"","neve_meta_disable_footer":"","neve_meta_disable_title":"","footnotes":""},"class_list":["post-136","page","type-page","status-publish","has-post-thumbnail","hentry"],"_links":{"self":[{"href":"https:\/\/inc.erasmus.site\/pt\/wp-json\/wp\/v2\/pages\/136","targetHints":{"allow":["GET"]}}],"collection":[{"href":"https:\/\/inc.erasmus.site\/pt\/wp-json\/wp\/v2\/pages"}],"about":[{"href":"https:\/\/inc.erasmus.site\/pt\/wp-json\/wp\/v2\/types\/page"}],"author":[{"embeddable":true,"href":"https:\/\/inc.erasmus.site\/pt\/wp-json\/wp\/v2\/users\/1"}],"replies":[{"embeddable":true,"href":"https:\/\/inc.erasmus.site\/pt\/wp-json\/wp\/v2\/comments?post=136"}],"version-history":[{"count":6,"href":"https:\/\/inc.erasmus.site\/pt\/wp-json\/wp\/v2\/pages\/136\/revisions"}],"predecessor-version":[{"id":364,"href":"https:\/\/inc.erasmus.site\/pt\/wp-json\/wp\/v2\/pages\/136\/revisions\/364"}],"wp:featuredmedia":[{"embeddable":true,"href":"https:\/\/inc.erasmus.site\/pt\/wp-json\/wp\/v2\/media\/137"}],"wp:attachment":[{"href":"https:\/\/inc.erasmus.site\/pt\/wp-json\/wp\/v2\/media?parent=136"}],"curies":[{"name":"wp","href":"https:\/\/api.w.org\/{rel}","templated":true}]}}