{"id":208,"date":"2022-12-19T14:32:56","date_gmt":"2022-12-19T14:32:56","guid":{"rendered":"https:\/\/inc.erasmus.site\/?page_id=208"},"modified":"2022-12-19T17:42:05","modified_gmt":"2022-12-19T17:42:05","slug":"news-events-2","status":"publish","type":"page","link":"https:\/\/inc.erasmus.site\/pt\/news-events-2\/","title":{"rendered":"Novidades &#038; Eventos"},"content":{"rendered":"<p>Mantenha-se atualizado com o progresso do projeto atrav\u00e9s de not\u00edcias e eventos e- Leaflet<\/p>\n<ul>\n<li>Newsletters<\/li>\n<li>Comunicado de imprensa<\/li>\n<li>Updates regulares<\/li>\n<li>Assist\u00eancia e participa\u00e7\u00e3o em confer\u00eancias e congressos<\/li>\n<\/ul>\n<p><\/p>","protected":false},"excerpt":{"rendered":"<p>Mantenha-se atualizado com o progresso do projeto atrav\u00e9s de not\u00edcias e eventos e- Leaflet Newsletters Comunicado de imprensa Updates regulares Assist\u00eancia e participa\u00e7\u00e3o em confer\u00eancias e congressos<\/p>\n","protected":false},"author":1,"featured_media":0,"parent":0,"menu_order":0,"comment_status":"closed","ping_status":"closed","template":"","meta":{"neve_meta_sidebar":"","neve_meta_container":"","neve_meta_enable_content_width":"off","neve_meta_content_width":100,"neve_meta_title_alignment":"","neve_meta_author_avatar":"","neve_post_elements_order":"","neve_meta_disable_header":"","neve_meta_disable_footer":"","neve_meta_disable_title":"","footnotes":""},"class_list":["post-208","page","type-page","status-publish","hentry"],"_links":{"self":[{"href":"https:\/\/inc.erasmus.site\/pt\/wp-json\/wp\/v2\/pages\/208","targetHints":{"allow":["GET"]}}],"collection":[{"href":"https:\/\/inc.erasmus.site\/pt\/wp-json\/wp\/v2\/pages"}],"about":[{"href":"https:\/\/inc.erasmus.site\/pt\/wp-json\/wp\/v2\/types\/page"}],"author":[{"embeddable":true,"href":"https:\/\/inc.erasmus.site\/pt\/wp-json\/wp\/v2\/users\/1"}],"replies":[{"embeddable":true,"href":"https:\/\/inc.erasmus.site\/pt\/wp-json\/wp\/v2\/comments?post=208"}],"version-history":[{"count":4,"href":"https:\/\/inc.erasmus.site\/pt\/wp-json\/wp\/v2\/pages\/208\/revisions"}],"predecessor-version":[{"id":275,"href":"https:\/\/inc.erasmus.site\/pt\/wp-json\/wp\/v2\/pages\/208\/revisions\/275"}],"wp:attachment":[{"href":"https:\/\/inc.erasmus.site\/pt\/wp-json\/wp\/v2\/media?parent=208"}],"curies":[{"name":"wp","href":"https:\/\/api.w.org\/{rel}","templated":true}]}}