{"id":104,"date":"2022-07-20T11:29:07","date_gmt":"2022-07-20T11:29:07","guid":{"rendered":"https:\/\/inc.erasmus.site\/?page_id=104"},"modified":"2022-12-19T17:59:29","modified_gmt":"2022-12-19T17:59:29","slug":"project-partners","status":"publish","type":"page","link":"https:\/\/inc.erasmus.site\/ro\/project-partners\/","title":{"rendered":"Parteneriat"},"content":{"rendered":"<p><\/p>\n<h3 style=\"text-align: center;\"><img fetchpriority=\"high\" decoding=\"async\" class=\"alignnone size-full wp-image-89\" src=\"https:\/\/inc.erasmus.site\/wp-content\/uploads\/2022\/07\/cnip.png\" alt=\"\" width=\"300\" height=\"300\" srcset=\"https:\/\/inc.erasmus.site\/wp-content\/uploads\/2022\/07\/cnip.png 300w, https:\/\/inc.erasmus.site\/wp-content\/uploads\/2022\/07\/cnip-150x150.png 150w, https:\/\/inc.erasmus.site\/wp-content\/uploads\/2022\/07\/cnip-24x24.png 24w, https:\/\/inc.erasmus.site\/wp-content\/uploads\/2022\/07\/cnip-36x36.png 36w, https:\/\/inc.erasmus.site\/wp-content\/uploads\/2022\/07\/cnip-48x48.png 48w\" sizes=\"(max-width: 300px) 100vw, 300px\" \/><br \/>\n<strong>C.N.I.P.M.M.R. Arad \u2013 Rom\u00e2nia <\/strong><\/h3>\n<p>Consiliul Na\u021bional al \u00centreprinderilor Private Mici \u0219i Mijlocii din Rom\u00e2nia \u2013 filiala Arad (C.N.I.P.M.M.R. Arad) a fost fondat \u00een 2004 ca o confedera\u021bie reprezentativ\u0103 regional\u0103 cu statut legal, independent, nonprofit \u0219i apolitic.<\/p>\n<p>Misiunea noastr\u0103, a\u0219a cum a fost stabilit\u0103 \u00een urm\u0103 cu 18 ani, este de a reprezenta interesele IMM-urilor din Arad \u0219i ale asocia\u021biilor patronale la nivel local, regional, na\u021bional \u0219i interna\u021bional, de a promova \u0219i sus\u021bine dezvoltarea antreprenoriatului \u0219i de a cre\u0219te competitivitatea mediului de afaceri din vestul Rom\u00e2niei.<\/p>\n<p>C.N.I.P.M.M.R. Arad desf\u0103\u0219oar\u0103 at\u00e2t activit\u0103\u021bi de reprezentare, c\u00e2t \u0219i de consiliere pentru IMM-uri \u00een general, \u0219i pentru companiile membre \u00een special. Cu un background \u0219i expertiz\u0103 solid\u0103, consiliul a implementat cu succes 25 de proiecte cu finan\u021bare european\u0103, \u00een valoare total\u0103 de peste 5,5 milioane euro, contribuind la dezvoltarea resurselor umane \u00een ceea ce prive\u0219te asigurarea form\u0103rii profesionale a angaja\u021bilor. Prin sprijinirea \u00eenfiin\u021b\u0103rii de firme noi, o alt\u0103 poveste de succes a asocia\u021biei, C.N.I.P.M.M.R. Arad a contribuit \u0219i la dezvoltarea antreprenoriatului \u00een vestul Rom\u00e2niei.<\/p>\n<p>Preocupat permanent de progresul comunit\u0103\u021bii de afaceri locale, C.N.I.P.M.M.R. Arad a dezvoltat o re\u021bea solid\u0103 de asocia\u021bii economice din \u00eentreaga lume. Al\u0103turi de partenerii s\u0103i, consiliul dore\u0219te s\u0103 ajung\u0103 la to\u021bi factorii interesa\u021bi implica\u021bi \u00een progresul \u0219i inovarea economic\u0103 \u0219i social\u0103 actual\u0103.<\/p>\n<p><strong>Social media:<\/strong><\/p>\n<p>Facebook:\u00a0<a href=\"https:\/\/www.facebook.com\/cnipmmr.arad\">https:\/\/www.facebook.com\/cnipmmr.arad<\/a><\/p>\n<p>LinkedIn: <a href=\"https:\/\/www.linkedin.com\/in\/cnipmmr-arad-24338842\/\">https:\/\/www.linkedin.com\/in\/cnipmmr-arad-24338842\/<\/a><\/p>\n<hr \/>\n<h3 style=\"text-align: center;\"><img decoding=\"async\" class=\"alignnone wp-image-90 size-full\" src=\"https:\/\/inc.erasmus.site\/wp-content\/uploads\/2022\/07\/ades.png\" alt=\"\" width=\"300\" height=\"300\" srcset=\"https:\/\/inc.erasmus.site\/wp-content\/uploads\/2022\/07\/ades.png 300w, https:\/\/inc.erasmus.site\/wp-content\/uploads\/2022\/07\/ades-150x150.png 150w, https:\/\/inc.erasmus.site\/wp-content\/uploads\/2022\/07\/ades-24x24.png 24w, https:\/\/inc.erasmus.site\/wp-content\/uploads\/2022\/07\/ades-36x36.png 36w, https:\/\/inc.erasmus.site\/wp-content\/uploads\/2022\/07\/ades-48x48.png 48w\" sizes=\"(max-width: 300px) 100vw, 300px\" \/><br \/>\n<strong>ADES<\/strong><\/h3>\n<p>Asocia\u021bia de Dezvoltare Economico-Social\u0103 (ADES) din Curtea de Arge\u0219, Rom\u00e2nia, este o entitate non-profit \u00eenfiin\u021bat\u0103 \u00een iunie 1995, cu misiunea de a induce schimbarea pozitiv\u0103 \u00een dezvoltarea socio-economic\u0103 a comunit\u0103\u021bilor din Rom\u00e2nia, \u00eentr-o manier\u0103 profesional\u0103, etic\u0103 \u0219i responsabil\u0103.<\/p>\n<p>Echipa ADES urm\u0103re\u0219te: dezvoltarea competen\u021belor profesionale \u0219i cre\u0219terea productivit\u0103\u021bii muncii; \u00eembun\u0103t\u0103\u021birea capacit\u0103\u021bilor de planificare \u0219i implementare pentru o dezvoltare durabil\u0103 a comunit\u0103\u021bilor locale; sprijinirea dezvolt\u0103rii \u0219i extinderii IMM-urilor.<\/p>\n<p>Din 1995, ADES a dezvoltat \u0219i implementat cu succes peste 50 de proiecte finan\u021bate de Uniunea European\u0103, Banca Mondial\u0103, Ambasada SUA, Programul de Dezvoltare a Afacerilor Europene, Funda\u021bia pentru o Societate Deschis\u0103, Fondul Charity Know How, etc. ADES lucreaz\u0103 \u00eendeaproape cu comunit\u0103\u021bi, surse de finan\u021bare \u0219i parteneri de implementare (Autorit\u0103\u021bi Publice Locale, companii, ONG-uri \u0219i \u0219coli) pentru a realiza proiecte de dezvoltare socio-economic\u0103.<\/p>\n<p>Dac\u0103 dori\u021bi s\u0103 ala\u021bi mai multe informa\u021bii despre ADES, pute\u021bi vizita urm\u0103toarele pagini:\u00a0<a href=\"https:\/\/www.facebook.com\/ADESCDA\/\">www.facebook.com\/ADESCDA\/<\/a> and <a href=\"https:\/\/www.linkedin.com\/company\/43363632\">https:\/\/www.linkedin.com\/company\/43363632<\/a>.<\/p>\n<hr \/>\n<h3 style=\"text-align: center;\"><img decoding=\"async\" class=\"alignnone wp-image-91 size-full\" src=\"https:\/\/inc.erasmus.site\/wp-content\/uploads\/2022\/07\/danmar.png\" alt=\"\" width=\"300\" height=\"300\" srcset=\"https:\/\/inc.erasmus.site\/wp-content\/uploads\/2022\/07\/danmar.png 300w, https:\/\/inc.erasmus.site\/wp-content\/uploads\/2022\/07\/danmar-150x150.png 150w, https:\/\/inc.erasmus.site\/wp-content\/uploads\/2022\/07\/danmar-24x24.png 24w, https:\/\/inc.erasmus.site\/wp-content\/uploads\/2022\/07\/danmar-36x36.png 36w, https:\/\/inc.erasmus.site\/wp-content\/uploads\/2022\/07\/danmar-48x48.png 48w\" sizes=\"(max-width: 300px) 100vw, 300px\" \/><br \/>\n<strong>Danmar Computers \u2013 Polonia<br \/>\n<\/strong><\/h3>\n<p>Danmar Computers LLC este o companie privat\u0103 care activeaz\u0103 \u00een domeniul tehnologiei informa\u021biei \u0219i ofer\u0103 preg\u0103tire profesional\u0103 \u00een acest domeniu. Danmar are o vast\u0103 experien\u021b\u0103 \u00een dezvoltarea de aplica\u021bii web \u0219i mobile moderne, care sunt utilizate \u00een scopuri educa\u021bionale. Danmar are, de asemenea, o experien\u021b\u0103 de lung\u0103 durat\u0103 \u00een realizarea de proiecte europene, \u00een cadrul c\u0103rora personalul de cercetare \u0219i dezvoltare al firmei efectueaz\u0103 cercet\u0103ri \u0219i preg\u0103te\u0219te formare adaptat\u0103 nevoilor diver\u0219ilor cursan\u021bi. Pe parcursul a 22 de ani, Danmar a implementat cu succes peste 100 de proiecte \u00een cadrul programelor Grundtvig, Leonardo da Vinci, Progress \u0219i Erasmus+. \u00cen multe dintre aceste proiecte, Danmar a fost responsabil pentru proiectarea \u0219i coordonarea strategiilor de diseminare.<\/p>\n<p>Danmar Computers este dezvoltatorul \u0219i furnizorul AdminProject, sistemul online de management al proiectelor europene. Toate activit\u0103\u021bile companiei se bazeaz\u0103 pe o re\u021bea larg\u0103 \u0219i bine stabilit\u0103 de cooperare, at\u00e2t la nivel na\u021bional c\u00e2t \u0219i interna\u021bional. Re\u021belele na\u021bionale includ institu\u021bii de formare \u0219i consiliere, universit\u0103\u021bi, \u0219coli, organiza\u021bii neguvernamentale, precum \u0219i companii din sectorul privat. Re\u021belele interna\u021bionale includ parteneri de diferite profiluri, care provin din \u021b\u0103rile Uniunii Europene. Misiunea Danmar Computer este promovarea educa\u021biei pe tot parcursul vie\u021bii \u0219i asigurarea accesului egal la educa\u021bie pentru toat\u0103 lumea, prin utilizarea tehnologiei moderne.<\/p>\n<p><strong>Site web: <\/strong><\/p>\n<p><a href=\"https:\/\/danmar-computers.com.pl\">https:\/\/danmar-computers.com.pl<\/a><\/p>\n<p><strong>Social Media:<\/strong><\/p>\n<p>Facebook: <a href=\"https:\/\/www.facebook.com\/pages\/Danmar-Computers\/144597388897753\">https:\/\/www.facebook.com\/pages\/Danmar-Computers\/144597388897753<\/a><\/p>\n<p>LinkedIn: <a href=\"https:\/\/www.linkedin.com\/company\/danmar-computers\">https:\/\/www.linkedin.com\/company\/danmar-computers<\/a><\/p>\n<p>Twitter: <a href=\"https:\/\/twitter.com\/DanmarComputers\">https:\/\/twitter.com\/DanmarComputers<\/a><\/p>\n<hr \/>\n<h3 style=\"text-align: center;\"><img loading=\"lazy\" decoding=\"async\" class=\"alignnone wp-image-92 size-full\" src=\"https:\/\/inc.erasmus.site\/wp-content\/uploads\/2022\/07\/ed.png\" alt=\"\" width=\"300\" height=\"300\" srcset=\"https:\/\/inc.erasmus.site\/wp-content\/uploads\/2022\/07\/ed.png 300w, https:\/\/inc.erasmus.site\/wp-content\/uploads\/2022\/07\/ed-150x150.png 150w, https:\/\/inc.erasmus.site\/wp-content\/uploads\/2022\/07\/ed-24x24.png 24w, https:\/\/inc.erasmus.site\/wp-content\/uploads\/2022\/07\/ed-36x36.png 36w, https:\/\/inc.erasmus.site\/wp-content\/uploads\/2022\/07\/ed-48x48.png 48w\" sizes=\"(max-width: 300px) 100vw, 300px\" \/><br \/>\n<strong>E&amp;D &#8211; Portugalia<br \/>\n<\/strong><\/h3>\n<p>E&amp;D Knowledge Consulting este o firm\u0103 de consultan\u021b\u0103 \u0219i formare profesional\u0103, ce vine \u00een sprijinul dezvolt\u0103rii competen\u021belor necesare \u00eencuraj\u0103rii inov\u0103rii \u00een mediul de afaceri, public \u0219i social. E&amp;D ofer\u0103 managerilor \u0219i antreprenorilor competen\u021bele, cuno\u0219tin\u021bele \u0219i instrumentele necesare pentru a implementa \u0219i executa cu succes strategiile de inovare din organiza\u021biile lor, precum \u0219i pentru a stimula inovarea \u00een mediul lor. E&amp;D sprijin\u0103 organiza\u021biile \u00een transformarea inov\u0103rii \u00eentr-o parte a ADN-ului lor &#8211; de la audituri de inovare, la sprijin pentru definirea \u0219i implementarea strategiilor de inovare, \u0219i p\u00e2n\u0103 la dezvoltarea proceselor \u0219i mecanismelor de inovare adaptate nevoilor individuale.<\/p>\n<p>Produsele E&amp;D sunt definite individual \u00een func\u021bie de nevoile specifice ale fiec\u0103rei organiza\u021bii. Unele dintre cele mai frecvente interven\u021bii acoper\u0103:<\/p>\n<ul>\n<li>Dezvoltarea unei \u00een\u021belegeri adecvate asupra inov\u0103rii \u00een r\u00e2ndul profesioni\u0219tilor din sectoarele slab tehnologizate \u0219i a capacit\u0103\u021bii acestora de a implementa procesul de inovare \u0219i de a-\u0219i transforma eforturile de inovare \u00een profit;<\/li>\n<li>Dezvoltarea \u0219i inovarea modelelor de afaceri;<\/li>\n<li>Sprijin pentru procesele creative \u0219i idea\u021bie pentru inovare;<\/li>\n<li>Dezvoltarea mentalit\u0103\u021bii de inovare \u00een r\u00e2ndul indivizilor \u0219i \u00een organiza\u021bii;<\/li>\n<li>Dezvoltarea mecanismelor \u0219i culturii inov\u0103rii;<\/li>\n<li>Dezvoltarea abilit\u0103\u021bilor personale \u0219i sociale \u0219i antreprenoriale;<\/li>\n<li>Colaborare \u00een scopul inov\u0103rii (abilit\u0103\u021bi, mecanisme \u0219i instrumente pentru construirea de rela\u021bii \u0219i inovare deschis\u0103).<\/li>\n<\/ul>\n<p><strong>Website:<\/strong><\/p>\n<p><a href=\"http:\/\/www.ed-knowledgeconsulting.com\/\">www.ed-knowledgeconsulting.com\/<\/a><\/p>\n<p>LinkedIn &#8211; <a href=\"https:\/\/www.linkedin.com\/company\/17921189\/\">https:\/\/www.linkedin.com\/company\/17921189\/<\/a><\/p>\n<p>FB &#8211; <a href=\"https:\/\/www.facebook.com\/EDKnowledgeConsulting\">https:\/\/www.facebook.com\/EDKnowledgeConsulting<\/a><\/p>\n<hr \/>\n<h3 style=\"text-align: center;\"><img loading=\"lazy\" decoding=\"async\" class=\"alignnone wp-image-93 size-full\" src=\"https:\/\/inc.erasmus.site\/wp-content\/uploads\/2022\/07\/inno.png\" alt=\"\" width=\"300\" height=\"300\" srcset=\"https:\/\/inc.erasmus.site\/wp-content\/uploads\/2022\/07\/inno.png 300w, https:\/\/inc.erasmus.site\/wp-content\/uploads\/2022\/07\/inno-150x150.png 150w, https:\/\/inc.erasmus.site\/wp-content\/uploads\/2022\/07\/inno-24x24.png 24w, https:\/\/inc.erasmus.site\/wp-content\/uploads\/2022\/07\/inno-36x36.png 36w, https:\/\/inc.erasmus.site\/wp-content\/uploads\/2022\/07\/inno-48x48.png 48w\" sizes=\"(max-width: 300px) 100vw, 300px\" \/><br \/>\n<strong>Valencia INNO HUB &#8211; Spania<br \/>\n<\/strong><\/h3>\n<p>Valencia INNO HUB este o organiza\u021bie spaniol\u0103 non-profit, al c\u0103rei obiectiv este de a reuni talentul \u0219i tehnologia \u0219i de a promova munca \u0219i antreprenoriatul \u00een comunitatea din Valencia. Prin mentorat \u0219i formare, INNO HUB sprijin\u0103 antreprenorii, startup-urile \u0219i, de asemenea, persoanele din grupuri defavorizate care se confrunt\u0103 cu diferi\u021bi factori de excludere: tineri \u0219i adul\u021bi cu dificult\u0103\u021bi educa\u021bionale, \u0219omeri sau imigran\u021bi.<\/p>\n<p>Cu aceast\u0103 inten\u021bie, INNOHUB desf\u0103\u0219oar\u0103 numeroase activit\u0103\u021bi, pentru a ajuta firmele\/persoanele fizice s\u0103 \u00ee\u0219i ating\u0103 obiectivele:<\/p>\n<ul>\n<li>Prin ateliere, instruire, seminarii \u0219i networking legate de mai multe subiecte de interes, \u00een special management, dezvoltarea afacerilor, abilit\u0103\u021bi personale \u0219i sociale, antreprenoriat, modele de afaceri, inovare, interna\u021bionalizare \u0219i finan\u021bare;<\/li>\n<\/ul>\n<ul>\n<li>Prin promovarea cooper\u0103rii tehnologice \u0219i \u00een scopul inov\u0103rii;<\/li>\n<li>Prin sprijinirea grupurilor defavorizate \u0219i aspiran\u021bilor antreprenori din medii diferite, stimul\u00e2nd abilit\u0103\u021bile antreprenoriale;<\/li>\n<li>Prin facilitarea accesului la finan\u021bare pentru cercetare, dezvoltare, inovare;<\/li>\n<li>Prin acordarea de asisten\u021b\u0103 legat\u0103 de vigilen\u021ba tehnologic\u0103 \u0219i managementul inov\u0103rii.<\/li>\n<\/ul>\n<p>Ast\u0103zi, Innohub colaboreaz\u0103 cu o gam\u0103 larg\u0103 de actori economici, at\u00e2t publici, c\u00e2t \u0219i priva\u021bi. \u00cen ultimii ani, Innohub a c\u00e2\u0219tigat o experien\u021b\u0103 important\u0103 \u00een implementarea proiectelor europene, av\u00e2nd astfel posibilitatea de a ajunge la mai multe persoane \u0219i organiza\u021bii, care pot profita de serviciile Innohub. De asemenea, a permis l\u0103rgirea re\u021belei locale, na\u021bionale \u0219i interna\u021bionale de contacte, ceea ce \u00eembog\u0103\u021be\u0219te posibilit\u0103\u021bile asocia\u021biei \u00een ceea ce prive\u0219te activit\u0103\u021bile zilnice.<\/p>\n<p><strong>Site web:<\/strong> <a href=\"http:\/\/www.valenciainnohub.com\/\">www.valenciainnohub.com<\/a><\/p>\n<p><strong>Social media: <\/strong><\/p>\n<ul>\n<li>Facebook: <a href=\"https:\/\/www.facebook.com\/valenciainnohub\">https:\/\/www.facebook.com\/valenciainnohub<\/a><\/li>\n<li>LinkedIn: <a href=\"https:\/\/www.linkedin.com\/company\/54107639\/\">https:\/\/www.linkedin.com\/company\/54107639\/<\/a><\/li>\n<\/ul>\n<p><\/p>","protected":false},"excerpt":{"rendered":"<p>C.N.I.P.M.M.R. Arad \u2013 Rom\u00e2nia Consiliul Na\u021bional al \u00centreprinderilor Private Mici \u0219i Mijlocii din Rom\u00e2nia \u2013 filiala Arad (C.N.I.P.M.M.R. Arad) a fost fondat \u00een 2004 ca o confedera\u021bie reprezentativ\u0103 regional\u0103 cu statut legal, independent, nonprofit \u0219i apolitic. Misiunea noastr\u0103, a\u0219a cum a fost stabilit\u0103 \u00een urm\u0103 cu 18 ani, este de a reprezenta interesele IMM-urilor din&hellip;&nbsp;<a href=\"https:\/\/inc.erasmus.site\/ro\/project-partners\/\" rel=\"bookmark\">Cite\u0219te mai mult &raquo;<span class=\"screen-reader-text\">Parteneriat<\/span><\/a><\/p>\n","protected":false},"author":1,"featured_media":106,"parent":0,"menu_order":0,"comment_status":"closed","ping_status":"closed","template":"","meta":{"neve_meta_sidebar":"","neve_meta_container":"","neve_meta_enable_content_width":"off","neve_meta_content_width":100,"neve_meta_title_alignment":"","neve_meta_author_avatar":"","neve_post_elements_order":"","neve_meta_disable_header":"","neve_meta_disable_footer":"","neve_meta_disable_title":"","footnotes":""},"class_list":["post-104","page","type-page","status-publish","has-post-thumbnail","hentry"],"_links":{"self":[{"href":"https:\/\/inc.erasmus.site\/ro\/wp-json\/wp\/v2\/pages\/104","targetHints":{"allow":["GET"]}}],"collection":[{"href":"https:\/\/inc.erasmus.site\/ro\/wp-json\/wp\/v2\/pages"}],"about":[{"href":"https:\/\/inc.erasmus.site\/ro\/wp-json\/wp\/v2\/types\/page"}],"author":[{"embeddable":true,"href":"https:\/\/inc.erasmus.site\/ro\/wp-json\/wp\/v2\/users\/1"}],"replies":[{"embeddable":true,"href":"https:\/\/inc.erasmus.site\/ro\/wp-json\/wp\/v2\/comments?post=104"}],"version-history":[{"count":9,"href":"https:\/\/inc.erasmus.site\/ro\/wp-json\/wp\/v2\/pages\/104\/revisions"}],"predecessor-version":[{"id":279,"href":"https:\/\/inc.erasmus.site\/ro\/wp-json\/wp\/v2\/pages\/104\/revisions\/279"}],"wp:featuredmedia":[{"embeddable":true,"href":"https:\/\/inc.erasmus.site\/ro\/wp-json\/wp\/v2\/media\/106"}],"wp:attachment":[{"href":"https:\/\/inc.erasmus.site\/ro\/wp-json\/wp\/v2\/media?parent=104"}],"curies":[{"name":"wp","href":"https:\/\/api.w.org\/{rel}","templated":true}]}}