{"id":130,"date":"2022-07-20T11:40:10","date_gmt":"2022-07-20T11:40:10","guid":{"rendered":"https:\/\/inc.erasmus.site\/?page_id=130"},"modified":"2024-03-14T14:54:54","modified_gmt":"2024-03-14T14:54:54","slug":"pr2","status":"publish","type":"page","link":"https:\/\/inc.erasmus.site\/ro\/pr2\/","title":{"rendered":"PR2: Cartona\u0219ele Inov\u0103rii InC"},"content":{"rendered":"<p>Obiectivul acestui rezultat este de a dezvolta o serie de fi\u0219e simple \u0219i atractive care s\u0103 \u00eei ajute pe managerii IMM-urilor s\u0103 \u00eenve\u021be despre c\u00e2teva dintre principalele concepte \u0219i mega-tendin\u021be de inovare \u0219i s\u0103 \u00een\u021beleag\u0103 acei termeni care creeaz\u0103 frecvent confuzie.<\/p>\n<p>Aceste fi\u0219e vor fi foarte utile pentru a construi \u00een\u021belegerea managerilor IMM-urilor cu privire la inovare \u0219i cultura inov\u0103rii, ceea ce va contribui la dezvoltarea competen\u021belor.<\/p>\n<p style=\"text-align: center;\"><a class=\"btn btn-primary\" role=\"button\" href=\"https:\/\/inc.erasmus.site\/platform\/pr2\" target=\"_blank\" rel=\"noopener\">Deschis<\/a><\/p>\n<p><\/p>","protected":false},"excerpt":{"rendered":"<p>Obiectivul acestui rezultat este de a dezvolta o serie de fi\u0219e simple \u0219i atractive care s\u0103 \u00eei ajute pe managerii IMM-urilor s\u0103 \u00eenve\u021be despre c\u00e2teva dintre principalele concepte \u0219i mega-tendin\u021be de inovare \u0219i s\u0103 \u00een\u021beleag\u0103 acei termeni care creeaz\u0103 frecvent confuzie. Aceste fi\u0219e vor fi foarte utile pentru a construi \u00een\u021belegerea managerilor IMM-urilor cu privire&hellip;&nbsp;<a href=\"https:\/\/inc.erasmus.site\/ro\/pr2\/\" rel=\"bookmark\">Cite\u0219te mai mult &raquo;<span class=\"screen-reader-text\">PR2: Cartona\u0219ele Inov\u0103rii InC<\/span><\/a><\/p>\n","protected":false},"author":1,"featured_media":137,"parent":0,"menu_order":0,"comment_status":"closed","ping_status":"closed","template":"","meta":{"neve_meta_sidebar":"","neve_meta_container":"","neve_meta_enable_content_width":"off","neve_meta_content_width":100,"neve_meta_title_alignment":"","neve_meta_author_avatar":"","neve_post_elements_order":"","neve_meta_disable_header":"","neve_meta_disable_footer":"","neve_meta_disable_title":"","footnotes":""},"class_list":["post-130","page","type-page","status-publish","has-post-thumbnail","hentry"],"_links":{"self":[{"href":"https:\/\/inc.erasmus.site\/ro\/wp-json\/wp\/v2\/pages\/130","targetHints":{"allow":["GET"]}}],"collection":[{"href":"https:\/\/inc.erasmus.site\/ro\/wp-json\/wp\/v2\/pages"}],"about":[{"href":"https:\/\/inc.erasmus.site\/ro\/wp-json\/wp\/v2\/types\/page"}],"author":[{"embeddable":true,"href":"https:\/\/inc.erasmus.site\/ro\/wp-json\/wp\/v2\/users\/1"}],"replies":[{"embeddable":true,"href":"https:\/\/inc.erasmus.site\/ro\/wp-json\/wp\/v2\/comments?post=130"}],"version-history":[{"count":6,"href":"https:\/\/inc.erasmus.site\/ro\/wp-json\/wp\/v2\/pages\/130\/revisions"}],"predecessor-version":[{"id":361,"href":"https:\/\/inc.erasmus.site\/ro\/wp-json\/wp\/v2\/pages\/130\/revisions\/361"}],"wp:featuredmedia":[{"embeddable":true,"href":"https:\/\/inc.erasmus.site\/ro\/wp-json\/wp\/v2\/media\/137"}],"wp:attachment":[{"href":"https:\/\/inc.erasmus.site\/ro\/wp-json\/wp\/v2\/media?parent=130"}],"curies":[{"name":"wp","href":"https:\/\/api.w.org\/{rel}","templated":true}]}}