{"id":132,"date":"2022-07-20T11:40:45","date_gmt":"2022-07-20T11:40:45","guid":{"rendered":"https:\/\/inc.erasmus.site\/?page_id=132"},"modified":"2024-03-14T14:59:15","modified_gmt":"2024-03-14T14:59:15","slug":"pr3","status":"publish","type":"page","link":"https:\/\/inc.erasmus.site\/ro\/pr3\/","title":{"rendered":"PR3: Programul InC pentru dezvoltarea competen\u021belor"},"content":{"rendered":"<p>Acest rezultat va consta \u00eentr-un program care s\u0103 acopere 10-15 subiecte de mare relevan\u021b\u0103 pentru abilit\u0103\u021bile practice ale managerilor de IMM-uri \u00een dezvoltarea unei culturi a inov\u0103rii \u00een firmele lor, grupate pe 5 linii de dezvoltare complementare \u00een sfera stabilirii \u0219i promov\u0103rii culturii inov\u0103rii. Cele 5 domenii principale ce vor fi acoperite sunt:<\/p>\n<ol>\n<li>Proiectarea \u0219i dirijarea unui mediu propice inov\u0103rii;<\/li>\n<li>Construirea echipei potrivite &#8211; angajarea \u0219i pozi\u021bionarea resurselor umane pentru implicarea cu succes \u00een inovare;<\/li>\n<li>Stimularea inov\u0103rii prin comunicare;<\/li>\n<li>Metoda Lean Startup;<\/li>\n<li>Solu\u021bii digitale pentru promovarea unei culturi a inov\u0103rii.<\/li>\n<\/ol>\n<p>Odat\u0103 dezvoltat, acest program va fi disponibil \u00een forma unei resurse digitale.<\/p>\n<p style=\"text-align: center;\"><a class=\"btn btn-primary\" role=\"button\" href=\"https:\/\/inc.erasmus.site\/platform\/pr3\" target=\"_blank\" rel=\"noopener\">Deschis<\/a><\/p>\n<p><\/p>","protected":false},"excerpt":{"rendered":"<p>Acest rezultat va consta \u00eentr-un program care s\u0103 acopere 10-15 subiecte de mare relevan\u021b\u0103 pentru abilit\u0103\u021bile practice ale managerilor de IMM-uri \u00een dezvoltarea unei culturi a inov\u0103rii \u00een firmele lor, grupate pe 5 linii de dezvoltare complementare \u00een sfera stabilirii \u0219i promov\u0103rii culturii inov\u0103rii. Cele 5 domenii principale ce vor fi acoperite sunt: Proiectarea \u0219i&hellip;&nbsp;<a href=\"https:\/\/inc.erasmus.site\/ro\/pr3\/\" rel=\"bookmark\">Cite\u0219te mai mult &raquo;<span class=\"screen-reader-text\">PR3: Programul InC pentru dezvoltarea competen\u021belor<\/span><\/a><\/p>\n","protected":false},"author":1,"featured_media":137,"parent":0,"menu_order":0,"comment_status":"closed","ping_status":"closed","template":"","meta":{"neve_meta_sidebar":"","neve_meta_container":"","neve_meta_enable_content_width":"off","neve_meta_content_width":100,"neve_meta_title_alignment":"","neve_meta_author_avatar":"","neve_post_elements_order":"","neve_meta_disable_header":"","neve_meta_disable_footer":"","neve_meta_disable_title":"","footnotes":""},"class_list":["post-132","page","type-page","status-publish","has-post-thumbnail","hentry"],"_links":{"self":[{"href":"https:\/\/inc.erasmus.site\/ro\/wp-json\/wp\/v2\/pages\/132","targetHints":{"allow":["GET"]}}],"collection":[{"href":"https:\/\/inc.erasmus.site\/ro\/wp-json\/wp\/v2\/pages"}],"about":[{"href":"https:\/\/inc.erasmus.site\/ro\/wp-json\/wp\/v2\/types\/page"}],"author":[{"embeddable":true,"href":"https:\/\/inc.erasmus.site\/ro\/wp-json\/wp\/v2\/users\/1"}],"replies":[{"embeddable":true,"href":"https:\/\/inc.erasmus.site\/ro\/wp-json\/wp\/v2\/comments?post=132"}],"version-history":[{"count":6,"href":"https:\/\/inc.erasmus.site\/ro\/wp-json\/wp\/v2\/pages\/132\/revisions"}],"predecessor-version":[{"id":362,"href":"https:\/\/inc.erasmus.site\/ro\/wp-json\/wp\/v2\/pages\/132\/revisions\/362"}],"wp:featuredmedia":[{"embeddable":true,"href":"https:\/\/inc.erasmus.site\/ro\/wp-json\/wp\/v2\/media\/137"}],"wp:attachment":[{"href":"https:\/\/inc.erasmus.site\/ro\/wp-json\/wp\/v2\/media?parent=132"}],"curies":[{"name":"wp","href":"https:\/\/api.w.org\/{rel}","templated":true}]}}