{"id":134,"date":"2022-07-20T11:41:04","date_gmt":"2022-07-20T11:41:04","guid":{"rendered":"https:\/\/inc.erasmus.site\/?page_id=134"},"modified":"2024-03-14T15:04:58","modified_gmt":"2024-03-14T15:04:58","slug":"pr4","status":"publish","type":"page","link":"https:\/\/inc.erasmus.site\/ro\/pr4\/","title":{"rendered":"PR4: Ghidul InC de cultur\u0103 a inov\u0103rii"},"content":{"rendered":"<p>Implementarea activit\u0103\u021bilor PR4 urm\u0103re\u0219te crearea unui ghid personalizat pentru implementarea unei culturi a inov\u0103rii, destinat managerilor IMM-urilor. \u00cen acest scop, provoc\u0103rile practice cu care se confrunt\u0103 managerii IMM-urilor la momentul implement\u0103rii activit\u0103\u021bilor profesionale zilnice \u00een baza unui sistem individual de livrare a sarcinilor vor fi adunate \u00eentr-un ghid, care s\u0103 fie de ajutor \u00een implementarea eficient\u0103 \u0219i sistematic\u0103 a unei culturi a inov\u0103rii \u00een afaceri.<\/p>\n<p style=\"text-align: center;\"><a class=\"btn btn-primary\" role=\"button\" href=\"https:\/\/inc.erasmus.site\/platform\/pr4\" target=\"_blank\" rel=\"noopener\">Deschis<\/a><\/p>\n<p><\/p>","protected":false},"excerpt":{"rendered":"<p>Implementarea activit\u0103\u021bilor PR4 urm\u0103re\u0219te crearea unui ghid personalizat pentru implementarea unei culturi a inov\u0103rii, destinat managerilor IMM-urilor. \u00cen acest scop, provoc\u0103rile practice cu care se confrunt\u0103 managerii IMM-urilor la momentul implement\u0103rii activit\u0103\u021bilor profesionale zilnice \u00een baza unui sistem individual de livrare a sarcinilor vor fi adunate \u00eentr-un ghid, care s\u0103 fie de ajutor \u00een implementarea&hellip;&nbsp;<a href=\"https:\/\/inc.erasmus.site\/ro\/pr4\/\" rel=\"bookmark\">Cite\u0219te mai mult &raquo;<span class=\"screen-reader-text\">PR4: Ghidul InC de cultur\u0103 a inov\u0103rii<\/span><\/a><\/p>\n","protected":false},"author":1,"featured_media":137,"parent":0,"menu_order":0,"comment_status":"closed","ping_status":"closed","template":"","meta":{"neve_meta_sidebar":"","neve_meta_container":"","neve_meta_enable_content_width":"off","neve_meta_content_width":100,"neve_meta_title_alignment":"","neve_meta_author_avatar":"","neve_post_elements_order":"","neve_meta_disable_header":"","neve_meta_disable_footer":"","neve_meta_disable_title":"","footnotes":""},"class_list":["post-134","page","type-page","status-publish","has-post-thumbnail","hentry"],"_links":{"self":[{"href":"https:\/\/inc.erasmus.site\/ro\/wp-json\/wp\/v2\/pages\/134","targetHints":{"allow":["GET"]}}],"collection":[{"href":"https:\/\/inc.erasmus.site\/ro\/wp-json\/wp\/v2\/pages"}],"about":[{"href":"https:\/\/inc.erasmus.site\/ro\/wp-json\/wp\/v2\/types\/page"}],"author":[{"embeddable":true,"href":"https:\/\/inc.erasmus.site\/ro\/wp-json\/wp\/v2\/users\/1"}],"replies":[{"embeddable":true,"href":"https:\/\/inc.erasmus.site\/ro\/wp-json\/wp\/v2\/comments?post=134"}],"version-history":[{"count":7,"href":"https:\/\/inc.erasmus.site\/ro\/wp-json\/wp\/v2\/pages\/134\/revisions"}],"predecessor-version":[{"id":363,"href":"https:\/\/inc.erasmus.site\/ro\/wp-json\/wp\/v2\/pages\/134\/revisions\/363"}],"wp:featuredmedia":[{"embeddable":true,"href":"https:\/\/inc.erasmus.site\/ro\/wp-json\/wp\/v2\/media\/137"}],"wp:attachment":[{"href":"https:\/\/inc.erasmus.site\/ro\/wp-json\/wp\/v2\/media?parent=134"}],"curies":[{"name":"wp","href":"https:\/\/api.w.org\/{rel}","templated":true}]}}