{"id":136,"date":"2022-07-20T11:42:05","date_gmt":"2022-07-20T11:42:05","guid":{"rendered":"https:\/\/inc.erasmus.site\/?page_id=136"},"modified":"2024-03-14T15:06:12","modified_gmt":"2024-03-14T15:06:12","slug":"pr5","status":"publish","type":"page","link":"https:\/\/inc.erasmus.site\/ro\/pr5\/","title":{"rendered":"PR5: Platforma online InC"},"content":{"rendered":"<p>Platforma online va fi instrumentul TIC &#8211; interfa\u021ba proiectului, prin care rezultatele produse vor fi furnizate utilizatorilor \u00eentr-un mod integrat, necesar pentru atingerea obiectivelor proiectului. Aceasta va permite utilizatorilor, IMM-urilor, organiza\u021biilor intermediare, formatorilor \u0219i altor factori interesa\u021bi de metodologia \u0219i rezultatele dezvoltate, s\u0103 le acceseze \u0219i s\u0103 le testeze. Va lua forma unei platforme de e-learning, \u00een care toate rezultatele intelectuale dezvoltate \u00een cadrul proiectului InC vor fi integrate \u00eentr-un program de dezvoltare cuprinz\u0103tor, adaptat la cerin\u021bele specifice subiectului \u0219i grupurilor \u021bint\u0103 \u0219i care va r\u0103m\u00e2ne disponibil \u0219i dup\u0103 \u00eencheierea proiectului.<\/p>\n<p style=\"text-align: center;\"><a class=\"btn btn-primary\" role=\"button\" href=\"https:\/\/inc.erasmus.site\/platform\/\" target=\"_blank\" rel=\"noopener\">Deschis<\/a><\/p>\n<p><\/p>","protected":false},"excerpt":{"rendered":"<p>Platforma online va fi instrumentul TIC &#8211; interfa\u021ba proiectului, prin care rezultatele produse vor fi furnizate utilizatorilor \u00eentr-un mod integrat, necesar pentru atingerea obiectivelor proiectului. Aceasta va permite utilizatorilor, IMM-urilor, organiza\u021biilor intermediare, formatorilor \u0219i altor factori interesa\u021bi de metodologia \u0219i rezultatele dezvoltate, s\u0103 le acceseze \u0219i s\u0103 le testeze. Va lua forma unei platforme de&hellip;&nbsp;<a href=\"https:\/\/inc.erasmus.site\/ro\/pr5\/\" rel=\"bookmark\">Cite\u0219te mai mult &raquo;<span class=\"screen-reader-text\">PR5: Platforma online InC<\/span><\/a><\/p>\n","protected":false},"author":1,"featured_media":137,"parent":0,"menu_order":0,"comment_status":"closed","ping_status":"closed","template":"","meta":{"neve_meta_sidebar":"","neve_meta_container":"","neve_meta_enable_content_width":"off","neve_meta_content_width":100,"neve_meta_title_alignment":"","neve_meta_author_avatar":"","neve_post_elements_order":"","neve_meta_disable_header":"","neve_meta_disable_footer":"","neve_meta_disable_title":"","footnotes":""},"class_list":["post-136","page","type-page","status-publish","has-post-thumbnail","hentry"],"_links":{"self":[{"href":"https:\/\/inc.erasmus.site\/ro\/wp-json\/wp\/v2\/pages\/136","targetHints":{"allow":["GET"]}}],"collection":[{"href":"https:\/\/inc.erasmus.site\/ro\/wp-json\/wp\/v2\/pages"}],"about":[{"href":"https:\/\/inc.erasmus.site\/ro\/wp-json\/wp\/v2\/types\/page"}],"author":[{"embeddable":true,"href":"https:\/\/inc.erasmus.site\/ro\/wp-json\/wp\/v2\/users\/1"}],"replies":[{"embeddable":true,"href":"https:\/\/inc.erasmus.site\/ro\/wp-json\/wp\/v2\/comments?post=136"}],"version-history":[{"count":6,"href":"https:\/\/inc.erasmus.site\/ro\/wp-json\/wp\/v2\/pages\/136\/revisions"}],"predecessor-version":[{"id":364,"href":"https:\/\/inc.erasmus.site\/ro\/wp-json\/wp\/v2\/pages\/136\/revisions\/364"}],"wp:featuredmedia":[{"embeddable":true,"href":"https:\/\/inc.erasmus.site\/ro\/wp-json\/wp\/v2\/media\/137"}],"wp:attachment":[{"href":"https:\/\/inc.erasmus.site\/ro\/wp-json\/wp\/v2\/media?parent=136"}],"curies":[{"name":"wp","href":"https:\/\/api.w.org\/{rel}","templated":true}]}}